{"id":1028,"date":"2014-09-21T14:33:17","date_gmt":"2014-09-21T12:33:17","guid":{"rendered":"http:\/\/www.tus-oppenau.de\/fussball\/?page_id=1028"},"modified":"2025-12-01T18:36:27","modified_gmt":"2025-12-01T16:36:27","slug":"impressum","status":"publish","type":"page","link":"https:\/\/www.tus-oppenau.de\/fussball\/impressum\/","title":{"rendered":"Impressum"},"content":{"rendered":"<p><strong>Impressum<\/strong><\/p>\n<p><strong>\u00a0<\/strong><\/p>\n<p style=\"font-weight: 400;\"><strong>Turn- und Sportverein 1905 e. V. Oppenau<\/strong><\/p>\n<p style=\"font-weight: 400;\">Vertreten durch:<\/p>\n<p style=\"font-weight: 400;\">Hans Kimmig<br \/>\nStra\u00dfburger Stra\u00dfe 30<br \/>\n77728 Oppenau<br \/>\nTel.: 07804\/680<br \/>\nMail:\u00a0<u><a href=\"mailto:Hansi.Kimmig@web.de\">Hansi.Kimmig@web.de<\/a><\/u><\/p>\n<p style=\"font-weight: 400;\">Vereinsregister: Registergericht Freiburg, VR 490032<br \/>\nSteuernummer: 14047\/01188<\/p>\n<p><strong>Verantwortlich f\u00fcr den Inhalt:<\/strong><\/p>\n<p>Turn- und Sportverein 1905 e. V. Oppenau | Abteilung Fussball<\/p>\n<p>Frank Spinner<br \/>\nHaldenhof 3<br \/>\n77728 Oppenau<br \/>\nTel.: 07804 \/ 3411<br \/>\nMail: <a href=\"mailto:vorstand@tus-oppenau.de\">vorstand<u>@tus-oppenau.de<\/u><\/a><\/p>\n<p>&nbsp;<\/p>\n<p><strong>Haftungsausschluss (Disclaimer)<\/strong><\/p>\n<p>&nbsp;<\/p>\n<p><strong>Haftung f\u00fcr Inhalte<\/strong><\/p>\n<p>Als Diensteanbieter sind wir gem\u00e4\u00df \u00a7 7 Abs.1 TMG f\u00fcr eigene Inhalte auf diesen Seiten nach den allgemeinen Gesetzen verantwortlich. Nach \u00a7\u00a7 8 bis 10 TMG sind wir als Diensteanbieter jedoch nicht verpflichtet, \u00fcbermittelte oder gespeicherte fremde Informationen zu \u00fcberwachen oder nach Umst\u00e4nden zu forschen, die auf eine rechtswidrige T\u00e4tigkeit hinweisen. Verpflichtungen zur Entfernung oder Sperrung der Nutzung von Informationen nach den allgemeinen Gesetzen bleiben hiervon unber\u00fchrt. Eine diesbez\u00fcgliche Haftung ist jedoch erst ab dem Zeitpunkt der Kenntnis einer konkreten Rechtsverletzung m\u00f6glich. Bei Bekanntwerden von entsprechenden Rechtsverletzungen werden wir diese Inhalte umgehend entfernen.<\/p>\n<p>&nbsp;<\/p>\n<p><strong>Haftung f\u00fcr Links<\/strong><\/p>\n<p>Unser Angebot enth\u00e4lt Links zu externen Webseiten Dritter, auf deren Inhalte wir keinen Einfluss haben. Deshalb k\u00f6nnen wir f\u00fcr diese fremden Inhalte auch keine Gew\u00e4hr \u00fcbernehmen. F\u00fcr die Inhalte der verlinkten Seiten ist stets der jeweilige Anbieter oder Betreiber der Seiten verantwortlich. Die verlinkten Seiten wurden zum Zeitpunkt der Verlinkung auf m\u00f6gliche Rechtsverst\u00f6\u00dfe \u00fcberpr\u00fcft. Rechtswidrige Inhalte waren zum Zeitpunkt der Verlinkung nicht erkennbar. Eine permanente inhaltliche Kontrolle der verlinkten Seiten ist jedoch ohne konkrete Anhaltspunkte einer Rechtsverletzung nicht zumutbar. Bei Bekanntwerden von Rechtsverletzungen werden wir derartige Links umgehend entfernen.<\/p>\n<p>&nbsp;<\/p>\n<p><strong>Urheberrecht<\/strong><\/p>\n<p>Die durch die Seitenbetreiber erstellten Inhalte und Werke auf diesen Seiten unterliegen dem deutschen Urheberrecht. Die Vervielf\u00e4ltigung, Bearbeitung, Verbreitung und jede Art der Verwertung au\u00dferhalb der Grenzen des Urheberrechtes bed\u00fcrfen der schriftlichen Zustimmung des jeweiligen Autors bzw. Erstellers. Downloads und Kopien dieser Seite sind nur f\u00fcr den privaten, nicht kommerziellen Gebrauch gestattet. Soweit die Inhalte auf dieser Seite nicht vom Betreiber erstellt wurden, werden die Urheberrechte Dritter beachtet. Insbesondere werden Inhalte Dritter als solche gekennzeichnet. Sollten Sie trotzdem auf eine Urheberrechtsverletzung aufmerksam werden, bitten wir um einen entsprechenden Hinweis. Bei Bekanntwerden von Rechtsverletzungen werden wir derartige Inhalte umgehend entfernen.<\/p>\n<p>&nbsp;<\/p>\n<p>&nbsp;<\/p>\n<p><strong>Datenschutzerkl\u00e4rung<\/strong><\/p>\n<p>&nbsp;<\/p>\n<p><strong>Grundlegendes <\/strong><\/p>\n<p>Diese Datenschutzerkl\u00e4rung soll die Nutzer dieser Website \u00fcber die Art, den Umfang und<\/p>\n<p>den Zweck der Erhebung und Verwendung personenbezogener Daten durch den<\/p>\n<p>Websitebetreiber informieren.<\/p>\n<p>&nbsp;<\/p>\n<p>Der Websitebetreiber nimmt Ihren Datenschutz sehr ernst und behandelt Ihre<\/p>\n<p>personenbezogenen Daten vertraulich und entsprechend der gesetzlichen Vorschriften. Da<\/p>\n<p>durch neue Technologien und die st\u00e4ndige Weiterentwicklung dieser Webseite \u00c4nderungen<\/p>\n<p>an dieser Datenschutzerkl\u00e4rung vorgenommen werden k\u00f6nnen, empfehlen wir Ihnen sich die<\/p>\n<p>Datenschutzerkl\u00e4rung in regelm\u00e4\u00dfigen Abst\u00e4nden wieder durchzulesen.<\/p>\n<p>&nbsp;<\/p>\n<p>Definitionen der verwendeten Begriffe (z.B. \u201cpersonenbezogene Daten\u201d oder \u201cVerarbeitung\u201d)<\/p>\n<p>finden Sie in Art. 4 DSGVO.<\/p>\n<p>&nbsp;<\/p>\n<p><strong>Zugriffsdaten <\/strong><\/p>\n<p>Wir, der Websitebetreiber bzw. Seitenprovider, erheben aufgrund unseres berechtigten<\/p>\n<p>Interesses (s. Art. 6 Abs. 1 lit. f. DSGVO) Daten \u00fcber Zugriffe auf die Website und speichern<\/p>\n<p>diese als \u201eServer-Logfiles\u201c auf dem Server der Website ab. Folgende Daten werden so<\/p>\n<p>protokolliert:<\/p>\n<p>&nbsp;<\/p>\n<ul>\n<li>Besuchte Website<\/li>\n<li>Uhrzeit zum Zeitpunkt des Zugriffes<\/li>\n<li>Menge der gesendeten Daten in Byte<\/li>\n<li>Quelle\/Verweis, von welchem Sie auf die Seite gelangten<\/li>\n<li>Verwendeter Browser<\/li>\n<li>Verwendetes Betriebssystem<\/li>\n<li>Verwendete IP-Adresse<\/li>\n<\/ul>\n<p>&nbsp;<\/p>\n<p>Die Server-Logfiles werden f\u00fcr maximal 7 Tage gespeichert und anschlie\u00dfend gel\u00f6scht. Die<\/p>\n<p>Speicherung der Daten erfolgt aus Sicherheitsgr\u00fcnden, um z. B. Missbrauchsf\u00e4lle aufkl\u00e4ren<\/p>\n<p>zu k\u00f6nnen. M\u00fcssen Daten aus Beweisgr\u00fcnden aufgehoben werden, sind sie solange von der<\/p>\n<p>L\u00f6schung ausgenommen bis der Vorfall endg\u00fcltig gekl\u00e4rt ist.<\/p>\n<p>&nbsp;<\/p>\n<p><strong>Reichweitenmessung &amp; Cookies <\/strong><\/p>\n<p>Diese Website verwendet Cookies zur pseudonymisierten Reichweitenmessung, die<\/p>\n<p>entweder von unserem Server oder dem Server Dritter an den Browser des Nutzers<\/p>\n<p>\u00fcbertragen werden. Bei Cookies handelt es sich um kleine Dateien, welche auf Ihrem Endger\u00e4t gespeichert werden. Ihr Browser greift auf diese Dateien zu. Durch den Einsatz<\/p>\n<p>von Cookies erh\u00f6ht sich die Benutzerfreundlichkeit und Sicherheit dieser Website.<\/p>\n<p>Falls Sie nicht m\u00f6chten, dass Cookies zur Reichweitenmessung auf Ihrem Endger\u00e4t<\/p>\n<p>gespeichert werden, k\u00f6nnen Sie dem Einsatz dieser Dateien hier widersprechen:<\/p>\n<p>&nbsp;<\/p>\n<ul>\n<li>Cookie-Deaktivierungsseite der Netzwerkwerbeinitiative:<\/li>\n<\/ul>\n<p>http:\/\/optout.networkadvertising.org\/?c=1#!\/<\/p>\n<ul>\n<li>Cookie-Deaktivierungsseite der US-amerikanischen Website:<\/li>\n<\/ul>\n<p>http:\/\/optout.aboutads.info\/?c=2#!\/<\/p>\n<ul>\n<li>Cookie-Deaktivierungsseite der europ\u00e4ischen Website:<\/li>\n<\/ul>\n<p>http:\/\/optout.networkadvertising.org\/?c=1#!\/<\/p>\n<p>&nbsp;<\/p>\n<p>G\u00e4ngige Browser bieten die Einstellungsoption, Cookies nicht zuzulassen. Hinweis: Es ist<\/p>\n<p>nicht gew\u00e4hrleistet, dass Sie auf alle Funktionen dieser Website ohne Einschr\u00e4nkungen<\/p>\n<p>zugreifen k\u00f6nnen, wenn Sie entsprechende Einstellungen vornehmen.<\/p>\n<p>&nbsp;<\/p>\n<p><strong>Erfassung und Verarbeitung personenbezogener Daten <\/strong><\/p>\n<p>Der Websitebetreiber erhebt, nutzt und gibt Ihre personenbezogenen Daten nur dann weiter,<\/p>\n<p>wenn dies im gesetzlichen Rahmen erlaubt ist oder Sie in die Datenerhebung einwilligen.<\/p>\n<p>Als personenbezogene Daten gelten s\u00e4mtliche Informationen, welche dazu dienen, Ihre<\/p>\n<p>Person zu bestimmen und welche zu Ihnen zur\u00fcckverfolgt werden k\u00f6nnen \u2013 also<\/p>\n<p>beispielsweise Ihr Name, Ihre E-Mail-Adresse und Telefonnummer.<\/p>\n<p>&nbsp;<\/p>\n<p>Diese Website k\u00f6nnen Sie auch besuchen, ohne Angaben zu Ihrer Person zu machen. Zur<\/p>\n<p>Verbesserung unseres Online-Angebotes speichern wir jedoch (ohne Personenbezug) Ihre<\/p>\n<p>Zugriffsdaten auf diese Website. Zu diesen Zugriffsdaten geh\u00f6ren z. B. die von Ihnen<\/p>\n<p>angeforderte Datei oder der Name Ihres Internet-Providers. Durch die Anonymisierung der<\/p>\n<p>Daten sind R\u00fcckschl\u00fcsse auf Ihre Person nicht m\u00f6glich.<\/p>\n<p>&nbsp;<\/p>\n<p><strong>Umgang mit Kontaktdaten <\/strong><\/p>\n<p>Nehmen Sie mit uns als Websitebetreiber durch die angebotenen Kontaktm\u00f6glichkeiten<\/p>\n<p>Verbindung auf, werden Ihre Angaben gespeichert, damit auf diese zur Bearbeitung und<\/p>\n<p>Beantwortung Ihrer Anfrage zur\u00fcckgegriffen werden kann. Ohne Ihre Einwilligung werden<\/p>\n<p>diese Daten nicht an Dritte weitergegeben.<\/p>\n<p>&nbsp;<\/p>\n<p><strong>Umgang mit Kommentaren und Beitr\u00e4gen <\/strong><\/p>\n<p>Hinterlassen Sie auf dieser Website einen Beitrag oder Kommentar, wird Ihre IP-Adresse<\/p>\n<p>gespeichert. Dies erfolgt aufgrund unserer berechtigten Interessen im Sinne des Art. 6 Abs. 1 lit. f. DSGVO und dient der Sicherheit von uns als Websitebetreiber: Denn sollte Ihr<\/p>\n<p>Kommentar gegen geltendes Recht versto\u00dfen, k\u00f6nnen wir daf\u00fcr belangt werden, weshalb<\/p>\n<p>wir ein Interesse an der Identit\u00e4t des Kommentar- bzw. Beitragsautors haben.<\/p>\n<p>&nbsp;<\/p>\n<p><strong>Google Analytics <\/strong><\/p>\n<p>Diese Website nutzt aufgrund unserer berechtigten Interessen zur Optimierung und Analyse<\/p>\n<p>unseres Online-Angebots im Sinne des Art. 6 Abs. 1 lit. f. DSGVO den Dienst \u201eGoogle<\/p>\n<p>Analytics\u201c, welcher von der Google Inc. (1600 Amphitheatre Parkway Mountain View, CA<\/p>\n<p>94043, USA) angeboten wird. Der Dienst (Google Analytics) verwendet \u201eCookies\u201c \u2013<\/p>\n<p>Textdateien, welche auf Ihrem Endger\u00e4t gespeichert werden. Die durch die Cookies<\/p>\n<p>gesammelten Informationen werden im Regelfall an einen Google-Server in den USA<\/p>\n<p>gesandt und dort gespeichert.<\/p>\n<p>&nbsp;<\/p>\n<p>Google LLC h\u00e4lt das europ\u00e4ische Datenschutzrecht ein und ist unter dem Privacy-Shield-<\/p>\n<p>Abkommen zertifiziert:<\/p>\n<p>https:\/\/www.privacyshield.gov\/participant?id=a2zt000000001L5AAI&#038;status=Active<\/p>\n<p>&nbsp;<\/p>\n<p>Auf dieser Website greift die IP-Anonymisierung. Die IP-Adresse der Nutzer wird innerhalb<\/p>\n<p>der Mitgliedsstaaten der EU und des Europ\u00e4ischen Wirtschaftsraum und in den anderen<\/p>\n<p>Vertragsstaaten des Abkommens gek\u00fcrzt. Nur in Einzelf\u00e4llen wird die IP-Adresse zun\u00e4chst<\/p>\n<p>ungek\u00fcrzt in die USA an einen Server von Google \u00fcbertragen und dort gek\u00fcrzt. Durch diese<\/p>\n<p>K\u00fcrzung entf\u00e4llt der Personenbezug Ihrer IP-Adresse. Die vom Browser \u00fcbermittelte IP-<\/p>\n<p>Adresse des Nutzers wird nicht mit anderen von Google gespeicherten Daten kombiniert.<\/p>\n<p>&nbsp;<\/p>\n<p>Im Rahmen der Vereinbarung zur Auftragsdatenvereinbarung, welche wir als<\/p>\n<p>Websitebetreiber mit der Google Inc. geschlossen haben, erstellt diese mithilfe der<\/p>\n<p>gesammelten Informationen eine Auswertung der Websitenutzung und der Websiteaktivit\u00e4t<\/p>\n<p>und erbringt mit der Internetnutzung verbundene Dienstleistungen.<\/p>\n<p>&nbsp;<\/p>\n<p>Die von Google in unserem Auftrag erhobenen Daten werden genutzt, um die Nutzung<\/p>\n<p>unseres Online-Angebots durch die einzelnen Nutzer auswerten zu k\u00f6nnen, z. B. um<\/p>\n<p>Reports \u00fcber die Aktivit\u00e4t auf der Website zu erstellen, um unser Online-Angebot zu<\/p>\n<p>verbessern.<\/p>\n<p>&nbsp;<\/p>\n<p>Sie haben die M\u00f6glichkeit, die Speicherung der Cookies auf Ihrem Ger\u00e4t zu verhindern,<\/p>\n<p>indem Sie in Ihrem Browser entsprechende Einstellungen vornehmen. Es ist nicht<\/p>\n<p>gew\u00e4hrleistet, dass Sie auf alle Funktionen dieser Website ohne Einschr\u00e4nkungen zugreifen<\/p>\n<p>k\u00f6nnen, wenn Ihr Browser keine Cookies zul\u00e4sst.<\/p>\n<p>&nbsp;<\/p>\n<p>Weiterhin k\u00f6nnen Sie durch ein Browser-Plugin verhindern, dass die durch Cookies<\/p>\n<p>gesammelten Informationen (inklusive Ihrer IP-Adresse) an die Google Inc. gesendet und<\/p>\n<p>von der Google Inc. genutzt werden. Folgender Link f\u00fchrt Sie zu dem entsprechenden<\/p>\n<p>Plugin: https:\/\/tools.google.com\/dlpage\/gaoptout?hl=de<\/p>\n<p>&nbsp;<\/p>\n<p>Alternativ verhindern Sie mit einem Klick auf diesen Link (WICHTIG: Opt-Out-Link einf\u00fcgen),<\/p>\n<p>dass Google Analytics innerhalb dieser Website Daten \u00fcber Sie erfasst. Mit dem Klick auf<\/p>\n<p>obigen Link laden Sie ein \u201eOpt-Out-Cookie\u201c herunter. Ihr Browser muss die Speicherung von<\/p>\n<p>Cookies also hierzu grunds\u00e4tzlich erlauben. L\u00f6schen Sie Ihre Cookies regelm\u00e4\u00dfig, ist ein<\/p>\n<p>erneuter Klick auf den Link bei jedem Besuch dieser Website vonn\u00f6ten.<\/p>\n<p>&nbsp;<\/p>\n<p>Hier finden Sie weitere Informationen zur Datennutzung durch die Google Inc.:<\/p>\n<p>&nbsp;<\/p>\n<ul>\n<li>https:\/\/policies.google.com\/privacy\/partners?hl=de (Daten, die von Google-<\/li>\n<\/ul>\n<p>Partnern erhoben werden)<\/p>\n<ul>\n<li>https:\/\/adssettings.google.de\/authenticated (Einstellungen \u00fcber Werbung, die<\/li>\n<\/ul>\n<p>Ihnen angezeigt wird)<\/p>\n<ul>\n<li>https:\/\/policies.google.com\/technologies\/ads?hl=de (Verwendung von Cookies in<\/li>\n<\/ul>\n<p>Anzeigen)<\/p>\n<p>&nbsp;<\/p>\n<p><strong>Nutzung von Social-Media-Plugins von Facebook <\/strong><\/p>\n<p>Aufgrund unseres berechtigten Interesses an der Analyse, Optimierung und dem Betrieb<\/p>\n<p>unseres Online-Angebotes (im Sinne des Art. 6 Abs. 1 lit. f. DSGVO), verwendet diese<\/p>\n<p>Website das Facebook-Social-Plugin, welches von der Facebook Inc. (1 Hacker Way, Menlo<\/p>\n<p>Park, California 94025, USA) betrieben wird. Erkennbar sind die Einbindungen an dem<\/p>\n<p>Facebook-Logo bzw. an den Begriffen \u201eLike\u201c, \u201eGef\u00e4llt mir\u201c, \u201eTeilen\u201c in den Farben Facebooks<\/p>\n<p>(Blau und Wei\u00df). Informationen zu allen Facebook-Plugins finden Sie \u00fcber den folgenden<\/p>\n<p>Link: https:\/\/developers.facebook.com\/docs\/plugins\/<\/p>\n<p>&nbsp;<\/p>\n<p>Facebook Inc. h\u00e4lt das europ\u00e4ische Datenschutzrecht ein und ist unter dem Privacy-Shield-<\/p>\n<p>Abkommen zertifiziert:<\/p>\n<p>https:\/\/www.privacyshield.gov\/participant?id=a2zt0000000GnywAAC&#038;status=Active<\/p>\n<p>&nbsp;<\/p>\n<p>Das Plugin stellt eine direkte Verbindung zwischen Ihrem Browser und den Facebook-<\/p>\n<p>Servern her. Der Websitebetreiber hat keinerlei Einfluss auf die Natur und den Umfang der<\/p>\n<p>Daten, welche das Plugin an die Server der Facebook Inc. \u00fcbermittelt. Informationen dazu<\/p>\n<p>finden Sie hier: https:\/\/www.facebook.com\/help\/186325668085084<\/p>\n<p>&nbsp;<\/p>\n<p>Das Plugin informiert die Facebook Inc. dar\u00fcber, dass Sie als Nutzer diese Website besucht<\/p>\n<p>haben. Es besteht hierbei die M\u00f6glichkeit, dass Ihre IP-Adresse gespeichert wird. Sind Sie<\/p>\n<p>w\u00e4hrend des Besuchs auf dieser Website in Ihrem Facebook-Konto eingeloggt, werden die<\/p>\n<p>genannten Informationen mit diesem verkn\u00fcpft.<\/p>\n<p>&nbsp;<\/p>\n<p>Nutzen Sie die Funktionen des Plugins \u2013 etwa indem Sie einen Beitrag teilen oder \u201eliken\u201c \u2013,<\/p>\n<p>werden die entsprechenden Informationen ebenfalls an die Facebook Inc. \u00fcbermittelt.<\/p>\n<p>M\u00f6chten Sie verhindern, dass die Facebook. Inc. diese Daten mit Ihrem Facebook-Konto<\/p>\n<p>verkn\u00fcpft, loggen Sie sich bitte vor dem Besuch dieser Website bei Facebook aus und<\/p>\n<p>l\u00f6schen Sie die gespeicherten Cookies. \u00dcber Ihr Facebook-Profil k\u00f6nnen Sie weitere<\/p>\n<p>Einstellungen zur Datenverarbeitung f\u00fcr Werbezwecke t\u00e4tigen oder der Nutzung Ihrer Daten<\/p>\n<p>f\u00fcr Werbezwecke widersprechen. Zu den Einstellungen gelangen Sie hier:<\/p>\n<p>&nbsp;<\/p>\n<ul>\n<li>Profileinstellungen bei Facebook:<\/li>\n<\/ul>\n<p>https:\/\/www.facebook.com\/ads\/preferences\/?entry_product=ad_settings_screen<\/p>\n<ul>\n<li>Cookie-Deaktivierungsseite der US-amerikanischen Website:<\/li>\n<\/ul>\n<p>http:\/\/optout.aboutads.info\/?c=2#!\/<\/p>\n<ul>\n<li>Cookie-Deaktivierungsseite der europ\u00e4ischen Website:<\/li>\n<\/ul>\n<p>http:\/\/optout.networkadvertising.org\/?c=1#!\/<\/p>\n<p>&nbsp;<\/p>\n<p>Welche Daten, zu welchem Zweck und in welchem Umfang Facebook Daten erhebt, nutzt<\/p>\n<p>und verarbeitet und welche Rechte sowie Einstellungsm\u00f6glichkeiten Sie zum Schutz Ihrer<\/p>\n<p>Privatsph\u00e4re haben, k\u00f6nnen Sie in den Datenschutzrichtlinien von Facebook nachlesen.<\/p>\n<p>Diese finden Sie hier: https:\/\/www.facebook.com\/about\/privacy\/<\/p>\n<p>&nbsp;<\/p>\n<p><strong>Nutzung von Twitter<\/strong><\/p>\n<p>Auf unseren Seiten sind Funktionen des Dienstes Twitter eingebunden. Diese Funktionen werden angeboten durch die Twitter Inc., 1355 Market Street, Suite 900, San Francisco, CA 94103, USA. Durch das Benutzen von Twitter und der Funktion &#8222;Re-Tweet&#8220; werden die von Ihnen besuchten Webseiten mit Ihrem Twitter-Account verkn\u00fcpft und anderen Nutzern bekannt gegeben. Dabei werden auch Daten an Twitter \u00fcbertragen. Wir weisen darauf hin, dass wir als Anbieter der Seiten keine Kenntnis vom Inhalt der \u00fcbermittelten Daten sowie deren Nutzung durch Twitter erhalten. Weitere Informationen hierzu finden Sie in der Datenschutzerkl\u00e4rung von Twitter unter http:\/\/twitter.com\/privacy.<\/p>\n<p>&nbsp;<\/p>\n<p>Ihre Datenschutzeinstellungen bei Twitter k\u00f6nnen Sie in den Konto-Einstellungen unter http:\/\/twitter.com\/account\/settings \u00e4ndern.<\/p>\n<p>&nbsp;<\/p>\n<p><strong>Nutzung von YouTube<\/strong><\/p>\n<p>Unsere Webseite nutzt Plugins der von Google betriebenen Seite YouTube. Betreiber der Seiten ist die YouTube, LLC, 901 Cherry Ave., San Bruno, CA 94066, USA. Wenn Sie eine unserer mit einem YouTube-Plugin ausgestatteten Seiten besuchen, wird eine Verbindung zu den Servern von YouTube hergestellt. Dabei wird dem Youtube-Server mitgeteilt, welche unserer Seiten Sie besucht haben.<\/p>\n<p>Wenn Sie in Ihrem YouTube-Account eingeloggt sind erm\u00f6glichen Sie YouTube, Ihr Surfverhalten direkt Ihrem pers\u00f6nlichen Profil zuzuordnen. Dies k\u00f6nnen Sie verhindern, indem Sie sich aus Ihrem YouTube-Account ausloggen.<\/p>\n<p>&nbsp;<\/p>\n<p>Weitere Informationen zum Umgang von Nutzerdaten finden Sie in der Datenschutzerkl\u00e4rung von YouTube unter https:\/\/www.google.de\/intl\/de\/policies\/privacy<\/p>\n<p>&nbsp;<\/p>\n<p><strong>Rechte des Nutzers <\/strong><\/p>\n<p>Sie haben als Nutzer das Recht, auf Antrag eine kostenlose Auskunft dar\u00fcber zu erhalten,<\/p>\n<p>welche personenbezogenen Daten \u00fcber Sie gespeichert wurden. Sie haben au\u00dferdem das<\/p>\n<p>Recht auf Berichtigung falscher Daten und auf die Verarbeitungseinschr\u00e4nkung oder<\/p>\n<p>L\u00f6schung Ihrer personenbezogenen Daten. Falls zutreffend, k\u00f6nnen Sie auch Ihr Recht auf<\/p>\n<p>Datenportabilit\u00e4t geltend machen. Sollten Sie annehmen, dass Ihre Daten unrechtm\u00e4\u00dfig<\/p>\n<p>verarbeitet wurden, k\u00f6nnen Sie eine Beschwerde bei der zust\u00e4ndigen Aufsichtsbeh\u00f6rde<\/p>\n<p>einreichen.<\/p>\n<p>&nbsp;<\/p>\n<p><strong>L\u00f6schung von Daten <\/strong><\/p>\n<p>Sofern Ihr Wunsch nicht mit einer gesetzlichen Pflicht zur Aufbewahrung von Daten (z. B.<\/p>\n<p>Vorratsdatenspeicherung) kollidiert, haben Sie ein Anrecht auf L\u00f6schung Ihrer Daten. Von<\/p>\n<p>uns gespeicherte Daten werden, sollten sie f\u00fcr ihre Zweckbestimmung nicht mehr vonn\u00f6ten<\/p>\n<p>sein und es keine gesetzlichen Aufbewahrungsfristen geben, gel\u00f6scht. Falls eine L\u00f6schung<\/p>\n<p>nicht durchgef\u00fchrt werden kann, da die Daten f\u00fcr zul\u00e4ssige gesetzliche Zwecke erforderlich<\/p>\n<p>sind, erfolgt eine Einschr\u00e4nkung der Datenverarbeitung. In diesem Fall werden die Daten<\/p>\n<p>gesperrt und nicht f\u00fcr andere Zwecke verarbeitet.<\/p>\n<p>&nbsp;<\/p>\n<p><strong>Widerspruchsrecht <\/strong><\/p>\n<p>Nutzer dieser Webseite k\u00f6nnen von ihrem Widerspruchsrecht Gebrauch machen und der<\/p>\n<p>Verarbeitung ihrer personenbezogenen Daten zu jeder Zeit widersprechen.<\/p>\n<p>&nbsp;<\/p>\n<p>Wenn Sie eine Berichtigung, Sperrung, L\u00f6schung oder Auskunft \u00fcber die zu Ihrer Person<\/p>\n<p>gespeicherten personenbezogenen Daten w\u00fcnschen oder Fragen bzgl. der Erhebung,<\/p>\n<p>Verarbeitung oder Verwendung Ihrer personenbezogenen Daten haben oder erteilte<\/p>\n<p>Einwilligungen widerrufen m\u00f6chten, wenden Sie sich bitte an folgende E-Mail-Adresse:<\/p>\n<p>&nbsp;<\/p>\n<p>Datenschutzbeauftragter TuS Oppenau<\/p>\n<p><a href=\"mailto:Datenschutz@TuS-Oppenau.de\"><u>Datenschutz@TuS-Oppenau.de<\/u><\/a><\/p>\n<p>&nbsp;<\/p>\n<p>Diese Website nutzt das Petitionsformular der openPetition gGmbH, Greifswalder Str. 4, 10405 Berlin. Die openPetition gGmbH stellt die technische Plattform f\u00fcr die Sammlung von Petitionsunterschriften zur Verf\u00fcgung. Die von Ihnen bei der Petition eingegebenen Daten (z.B. Name, Adresse, Kommentar) werden von openPetition zur Gew\u00e4hrleistung der Petition auf Servern in Deutschland gespeichert und verarbeitet. Bei jedem Seitenaufruf der Petitionsseite werden Browser-Informationen (z.B. Browser-Typ, Betriebssystem, IP-Adresse, Uhrzeit und der Referrer) gespeichert. Die Logfiles werden statistisch ausgewertet und helfen, den fehlerfreien Betrieb der Seiten sicherzustellen. Es gelten die\u00a0<a href=\"https:\/\/www.openpetition.de\/content\/data_privacy\">Datenschutzbestimmungen<\/a>\u00a0von openPetition.<\/p>\n","protected":false},"excerpt":{"rendered":"<p>Impressum \u00a0 Turn- und Sportverein 1905 e. V. Oppenau Vertreten durch: Hans Kimmig Stra\u00dfburger Stra\u00dfe 30 77728 Oppenau Tel.: 07804\/680 Mail:\u00a0Hansi.Kimmig@web.de Vereinsregister: Registergericht Freiburg, VR 490032 Steuernummer: 14047\/01188 Verantwortlich f\u00fcr den Inhalt: Turn- und Sportverein 1905 e. V. Oppenau | Abteilung Fussball Frank Spinner Haldenhof 3 77728 Oppenau Tel.: 07804 \/ 3411 Mail: vorstand@tus-oppenau.de &nbsp; &hellip; <a href=\"https:\/\/www.tus-oppenau.de\/fussball\/impressum\/\" class=\"more-link\"><span class=\"screen-reader-text\">Impressum<\/span> weiterlesen <span class=\"meta-nav\">&rarr;<\/span><\/a><\/p>\n","protected":false},"author":1,"featured_media":0,"parent":0,"menu_order":0,"comment_status":"closed","ping_status":"closed","template":"","meta":{"footnotes":""},"class_list":["post-1028","page","type-page","status-publish","hentry"],"jetpack_sharing_enabled":true,"jetpack_likes_enabled":true,"_links":{"self":[{"href":"https:\/\/www.tus-oppenau.de\/fussball\/wp-json\/wp\/v2\/pages\/1028","targetHints":{"allow":["GET"]}}],"collection":[{"href":"https:\/\/www.tus-oppenau.de\/fussball\/wp-json\/wp\/v2\/pages"}],"about":[{"href":"https:\/\/www.tus-oppenau.de\/fussball\/wp-json\/wp\/v2\/types\/page"}],"author":[{"embeddable":true,"href":"https:\/\/www.tus-oppenau.de\/fussball\/wp-json\/wp\/v2\/users\/1"}],"replies":[{"embeddable":true,"href":"https:\/\/www.tus-oppenau.de\/fussball\/wp-json\/wp\/v2\/comments?post=1028"}],"version-history":[{"count":10,"href":"https:\/\/www.tus-oppenau.de\/fussball\/wp-json\/wp\/v2\/pages\/1028\/revisions"}],"predecessor-version":[{"id":12773,"href":"https:\/\/www.tus-oppenau.de\/fussball\/wp-json\/wp\/v2\/pages\/1028\/revisions\/12773"}],"wp:attachment":[{"href":"https:\/\/www.tus-oppenau.de\/fussball\/wp-json\/wp\/v2\/media?parent=1028"}],"curies":[{"name":"wp","href":"https:\/\/api.w.org\/{rel}","templated":true}]}}