{"id":11804,"date":"2025-02-04T14:27:03","date_gmt":"2025-02-04T12:27:03","guid":{"rendered":"https:\/\/www.tus-oppenau.de\/fussball\/?page_id=11804"},"modified":"2025-02-04T16:49:09","modified_gmt":"2025-02-04T14:49:09","slug":"jugend-torwarttrainer","status":"publish","type":"page","link":"https:\/\/www.tus-oppenau.de\/fussball\/jugend-torwarttrainer\/","title":{"rendered":"Jugend- Torwarttrainer"},"content":{"rendered":"<p>Auf dieser Seite stellen wir unsere Jugendtorwarttrainer vor. Hier finden Sie Informationen \u00fcber ihre Qualifikationen, ihre Trainingsmethoden und ihre Philosophie. Wir m\u00f6chten damit einen Einblick in die wichtige Arbeit unserer Trainer geben und zeigen, wie wir die Ausbildung unserer jungen Torh\u00fcter gestalten.<\/p>\n<p>Die Trainigszeit ist<br \/>\nMontags 17.15-18.45 in Oppenau.<\/p>\n<p><strong>Ralf Birk &#8211; Torwarttrainer<\/strong><\/p>\n<p><strong><img data-recalc-dims=\"1\" loading=\"lazy\" decoding=\"async\" class=\"alignnone wp-image-11805\" src=\"https:\/\/i0.wp.com\/www.tus-oppenau.de\/fussball\/wp-content\/uploads\/2025\/02\/Ralf_Birk.jpg?resize=295%2C393&#038;ssl=1\" alt=\"\" width=\"295\" height=\"393\" srcset=\"https:\/\/i0.wp.com\/www.tus-oppenau.de\/fussball\/wp-content\/uploads\/2025\/02\/Ralf_Birk.jpg?resize=505%2C673&amp;ssl=1 505w, https:\/\/i0.wp.com\/www.tus-oppenau.de\/fussball\/wp-content\/uploads\/2025\/02\/Ralf_Birk.jpg?resize=945%2C1260&amp;ssl=1 945w, https:\/\/i0.wp.com\/www.tus-oppenau.de\/fussball\/wp-content\/uploads\/2025\/02\/Ralf_Birk.jpg?resize=150%2C200&amp;ssl=1 150w, https:\/\/i0.wp.com\/www.tus-oppenau.de\/fussball\/wp-content\/uploads\/2025\/02\/Ralf_Birk.jpg?resize=768%2C1024&amp;ssl=1 768w, https:\/\/i0.wp.com\/www.tus-oppenau.de\/fussball\/wp-content\/uploads\/2025\/02\/Ralf_Birk.jpg?resize=1152%2C1536&amp;ssl=1 1152w, https:\/\/i0.wp.com\/www.tus-oppenau.de\/fussball\/wp-content\/uploads\/2025\/02\/Ralf_Birk.jpg?w=1512&amp;ssl=1 1512w, https:\/\/i0.wp.com\/www.tus-oppenau.de\/fussball\/wp-content\/uploads\/2025\/02\/Ralf_Birk.jpg?w=1422&amp;ssl=1 1422w\" sizes=\"auto, (max-width: 295px) 100vw, 295px\" \/><\/strong><\/p>\n<p>Nach meiner aktiven Laufbahn als Torwart habe ich mich umfassend als Torwar ttrainer weitergebildet und dabei gezielt Erfahrungen mit renommierten Trainern und Ausbildungsst\u00e4tten gesammelt:<\/p>\n<p>Weiterbildung an der Sportschule Sch\u00f6neck<br \/>\nIntensive Schulung in der Torwarttechnik und -taktik mit professionellen Torwarttrainern von RB Leipzig und der TSG Hoffenheim.<\/p>\n<p>Training und Weiterbildung bei Goalkeeping Development<br \/>\nAusbildung mit Michael Rechner (heute FC Bayern M\u00fcnchen, zuvor TSG Hoffenheim), mit Fokus auf innovative Methoden im Torwartspiel.<\/p>\n<p>Weiterbildung durch den S\u00fcdbadischen Fu\u00dfballverband<br \/>\nZwei einw\u00f6chige Intensivkurse f\u00fcr Torwarttraining in Theorie und Praxis in Steinbach, u.a. mit David Wetzel (SC Freiburg Jugend) und Andreas Kronenberg (heute DFB Nationalmannschaft).<\/p>\n<p>Diese umfangreiche Ausbildung hat mein Wissen und K\u00f6nnen als Torwarttrainer stark gepr\u00e4gt und erm\u00f6glicht es mir, Torh\u00fcter gezielt und auf dem neuesten Stand der Technik zu f\u00f6rdern.<\/p>\n<p><strong>Sascha Schmidt &#8211; Torwarttrainer<\/strong><\/p>\n<p><strong><img data-recalc-dims=\"1\" loading=\"lazy\" decoding=\"async\" class=\"alignnone wp-image-11806\" src=\"https:\/\/i0.wp.com\/www.tus-oppenau.de\/fussball\/wp-content\/uploads\/2025\/02\/Sascha_Schmidt.jpg?resize=336%2C329&#038;ssl=1\" alt=\"\" width=\"336\" height=\"329\" srcset=\"https:\/\/i0.wp.com\/www.tus-oppenau.de\/fussball\/wp-content\/uploads\/2025\/02\/Sascha_Schmidt.jpg?resize=673%2C659&amp;ssl=1 673w, https:\/\/i0.wp.com\/www.tus-oppenau.de\/fussball\/wp-content\/uploads\/2025\/02\/Sascha_Schmidt.jpg?resize=150%2C147&amp;ssl=1 150w, https:\/\/i0.wp.com\/www.tus-oppenau.de\/fussball\/wp-content\/uploads\/2025\/02\/Sascha_Schmidt.jpg?resize=768%2C752&amp;ssl=1 768w, https:\/\/i0.wp.com\/www.tus-oppenau.de\/fussball\/wp-content\/uploads\/2025\/02\/Sascha_Schmidt.jpg?resize=50%2C50&amp;ssl=1 50w, https:\/\/i0.wp.com\/www.tus-oppenau.de\/fussball\/wp-content\/uploads\/2025\/02\/Sascha_Schmidt.jpg?w=1215&amp;ssl=1 1215w, https:\/\/i0.wp.com\/www.tus-oppenau.de\/fussball\/wp-content\/uploads\/2025\/02\/Sascha_Schmidt.jpg?w=948&amp;ssl=1 948w\" sizes=\"auto, (max-width: 336px) 100vw, 336px\" \/><\/strong><\/p>\n<p>Nach meiner aktiven Laufbahn als Torwart habe ich mich als Torwarttrainer weitergebildet. Ich selber hatte in meiner aktiven zeit Torwarttraining beim SV Oberkirch und dem TUS Oppenau. Aktuell spiele ich in der AH (Alte Herren) beim TUS Oppenau als Torwart.<\/p>\n<p>Eine Ausbildung beim S\u00fcdbadischen Fu\u00dfballverband durfte ich nach Zweiw\u00f6chigen Intensivkurse f\u00fcr Torwarttraining in Theorie und Praxis in Steinbach genie\u00dfen . u.a. mit David Wetzel (SC Freiburg Jugend)<\/p>\n<p>Diese Ausbildung hat mein Wissen und k\u00f6nnen als Torwarttrainer erweitert und erm\u00f6glicht es mir, Torh\u00fcter gezielt und auf dem neuesten Stand der Technik zu f\u00f6rdern.<\/p>\n<p>Mir ist es wichtig, Spa\u00df und Sport zu vereinen. Und als Spielertrainer die M\u00e4dels und Jungs zu f\u00f6rdern.<\/p>\n<p><strong>Klaus Baudendistel &#8211; <\/strong><strong>Torwarttrainer<\/strong><\/p>\n<p><img data-recalc-dims=\"1\" loading=\"lazy\" decoding=\"async\" class=\"alignnone wp-image-11807\" src=\"https:\/\/i0.wp.com\/www.tus-oppenau.de\/fussball\/wp-content\/uploads\/2025\/02\/Klaus-Baudendistel.jpg?resize=354%2C485&#038;ssl=1\" alt=\"\" width=\"354\" height=\"485\" srcset=\"https:\/\/i0.wp.com\/www.tus-oppenau.de\/fussball\/wp-content\/uploads\/2025\/02\/Klaus-Baudendistel.jpg?resize=491%2C673&amp;ssl=1 491w, https:\/\/i0.wp.com\/www.tus-oppenau.de\/fussball\/wp-content\/uploads\/2025\/02\/Klaus-Baudendistel.jpg?resize=150%2C206&amp;ssl=1 150w, https:\/\/i0.wp.com\/www.tus-oppenau.de\/fussball\/wp-content\/uploads\/2025\/02\/Klaus-Baudendistel.jpg?w=554&amp;ssl=1 554w\" sizes=\"auto, (max-width: 354px) 100vw, 354px\" \/><\/p>\n<p>&#8211; geb. 02.07.1960<br \/>\n&#8211; verheiratet, zwei Kinder<br \/>\nMein Name ist Klaus Baudendistel. Seit 1995 bin ich engagierter Torwarttrainer im Jugend- und Seniorenbereich, von Kreisliga bis Oberliga.<br \/>\nIch bin zertifizierter DFB-Jugendtrainer und erlangte meine Torwarttrainer-Lizenz sowohl im Bayrischen- als auch im Schweizer Fu\u00dfballverband.<br \/>\nAktuell trainiere ich die Torh\u00fcter der Vereine TuS Oppenau, FC Ottenh\u00f6fen, FV Gamshurst und FSV Kappelrodeck-Waldulm im Jugend- und Seniorenbereich.<\/p>\n<p>Grunds\u00e4tzlich ist es mir wichtig ein individuelles Torwarttraining basierend auf den neusten Trainingsmethoden und Erkenntnissen im Torwartspiel anzubieten. Mein Ziel ist es, die Leistung und F\u00e4higkeiten der Torh\u00fcter im technischen und taktischen Bereich zu st\u00e4rken und gleicherma\u00dfen die Weiterentwicklung der Selbstsicherheit und des Selbstvertrauens jedes Einzelnen zu unterst\u00fctzen.<\/p>\n<p>Auch meine eigene Weiterentwicklung ist mir ein Anliegen, und so absolvierte ich in den vergangenen Jahren zahlreiche Workshops und Fortbildungen. Einerseits konnte ich so meinen Wissens- und Erfahrungsschatz stetig erweitern und andererseits war es mir dadurch m\u00f6glich mit nationalen und internationalen Pers\u00f6nlichkeiten des Torwarttrainings zusammenzuarbeiten und von ihnen zu lernen.<\/p>\n<p>Weitere Informationen sind auf meiner Website <a href=\"http:\/\/www.keeperspoint.com\/\" target=\"_blank\" rel=\"noopener\" data-saferedirecturl=\"https:\/\/www.google.com\/url?q=http:\/\/www.keeperspoint.com&amp;source=gmail&amp;ust=1738757399990000&amp;usg=AOvVaw3zcCgoF152EhHiNCGMVhGu\">www.keeperspoint.com<\/a> zu finden<\/p>\n","protected":false},"excerpt":{"rendered":"<p>Auf dieser Seite stellen wir unsere Jugendtorwarttrainer vor. Hier finden Sie Informationen \u00fcber ihre Qualifikationen, ihre Trainingsmethoden und ihre Philosophie. Wir m\u00f6chten damit einen Einblick in die wichtige Arbeit unserer Trainer geben und zeigen, wie wir die Ausbildung unserer jungen Torh\u00fcter gestalten. Die Trainigszeit ist Montags 17.15-18.45 in Oppenau. Ralf Birk &#8211; Torwarttrainer Nach meiner &hellip; <a href=\"https:\/\/www.tus-oppenau.de\/fussball\/jugend-torwarttrainer\/\" class=\"more-link\"><span class=\"screen-reader-text\">Jugend- Torwarttrainer<\/span> weiterlesen <span class=\"meta-nav\">&rarr;<\/span><\/a><\/p>\n","protected":false},"author":93,"featured_media":0,"parent":0,"menu_order":0,"comment_status":"closed","ping_status":"closed","template":"page-templates\/full-width.php","meta":{"footnotes":""},"class_list":["post-11804","page","type-page","status-publish","hentry"],"jetpack_sharing_enabled":true,"jetpack_likes_enabled":true,"_links":{"self":[{"href":"https:\/\/www.tus-oppenau.de\/fussball\/wp-json\/wp\/v2\/pages\/11804","targetHints":{"allow":["GET"]}}],"collection":[{"href":"https:\/\/www.tus-oppenau.de\/fussball\/wp-json\/wp\/v2\/pages"}],"about":[{"href":"https:\/\/www.tus-oppenau.de\/fussball\/wp-json\/wp\/v2\/types\/page"}],"author":[{"embeddable":true,"href":"https:\/\/www.tus-oppenau.de\/fussball\/wp-json\/wp\/v2\/users\/93"}],"replies":[{"embeddable":true,"href":"https:\/\/www.tus-oppenau.de\/fussball\/wp-json\/wp\/v2\/comments?post=11804"}],"version-history":[{"count":5,"href":"https:\/\/www.tus-oppenau.de\/fussball\/wp-json\/wp\/v2\/pages\/11804\/revisions"}],"predecessor-version":[{"id":11813,"href":"https:\/\/www.tus-oppenau.de\/fussball\/wp-json\/wp\/v2\/pages\/11804\/revisions\/11813"}],"wp:attachment":[{"href":"https:\/\/www.tus-oppenau.de\/fussball\/wp-json\/wp\/v2\/media?parent=11804"}],"curies":[{"name":"wp","href":"https:\/\/api.w.org\/{rel}","templated":true}]}}