{"id":1237,"date":"2014-09-30T14:18:22","date_gmt":"2014-09-30T12:18:22","guid":{"rendered":"http:\/\/www.tus-oppenau.de\/fussball\/?page_id=1237"},"modified":"2025-03-20T21:04:10","modified_gmt":"2025-03-20T19:04:10","slug":"ah","status":"publish","type":"page","link":"https:\/\/www.tus-oppenau.de\/fussball\/ah\/","title":{"rendered":"AH"},"content":{"rendered":"<p>Die AH des TuS Oppenau trainiert jeden Freitag um 18:30 h auf dem Haldenhof. Wer Interesse und Spa\u00df am Fu\u00dfball hat ist herzlich eingeladen zum &#8222;Probetraining&#8220; und zur Teilnahme an der 3. Halbzeit nach dem Training im Haldenhoftreff.<\/p>\n<p>Die AH spielt seit Jahren beim \u00dc35 RegioCup mit. In der Saison 2012\/2013 erreichte man unter 100 teilnehmenden Mannschaften den 5. Platz. In der Saison 2013\/2014 den 2. Platz, als beste S\u00fcdbadische AH Mannschaft qualifizierte man sich dadurch gleichzeitig f\u00fcr die Deutsche \u00dc32 Meisterschaft.<\/p>\n<p>Der <a href=\"http:\/\/www.altherren-supercup-oyten.de\/\" target=\"_blank\" rel=\"noopener\">Deutsche Altherren-Supercup \u00dc32<\/a> ist die inoffizielle Deutsche Altherrenmeisterschaft der \u00dc32-Fu\u00dfballer mit den besten Mannschaften aus allen Bundesl\u00e4ndern. Beim 10. Deutschen AH Supercup \u00dc32, das als Bundesjubil\u00e4umsmasters am 12. und 13. Juni 2015 in Oyten bei Bremen ausgetragen wurde, zeigte der TuS Oppenau das sie zur Top 10 ihrer Altersklasse in Deutschland geh\u00f6ren. Am Ende belegte der TuS Oppenau unter 60 teilnehmenden Mannschaften als beste s\u00fcdbadische Mannschaft den sensationellen 9. Platz. Unter anderem lie\u00df man so namhafte Teilnehmer wie den FC Bayern M\u00fcnchen oder VfB L\u00fcbeck hinter sich. Ebenfalls konnte man mit Markus Mayer mit 6 Treffern den Torsch\u00fctzenk\u00f6nig stellen.<\/p>\n<p>Ebenfalls spielen wir \u00fcber das Jahr hinweg eine Vielzahl an Kleinfeldturnieren in der Umgebung.<\/p>\n<p><a href=\"https:\/\/i0.wp.com\/www.tus-oppenau.de\/fussball\/wp-content\/uploads\/2014\/09\/IMG_9130_bearb_2k.jpg?ssl=1\"><img data-recalc-dims=\"1\" loading=\"lazy\" decoding=\"async\" class=\"alignnone wp-image-3578 size-medium\" src=\"https:\/\/i0.wp.com\/www.tus-oppenau.de\/fussball\/wp-content\/uploads\/2014\/09\/IMG_9130_bearb_2k.jpg?resize=474%2C316&#038;ssl=1\" alt=\"img_9130_bearb_2k\" width=\"474\" height=\"316\" srcset=\"https:\/\/i0.wp.com\/www.tus-oppenau.de\/fussball\/wp-content\/uploads\/2014\/09\/IMG_9130_bearb_2k.jpg?resize=673%2C449&amp;ssl=1 673w, https:\/\/i0.wp.com\/www.tus-oppenau.de\/fussball\/wp-content\/uploads\/2014\/09\/IMG_9130_bearb_2k.jpg?resize=300%2C200&amp;ssl=1 300w, https:\/\/i0.wp.com\/www.tus-oppenau.de\/fussball\/wp-content\/uploads\/2014\/09\/IMG_9130_bearb_2k.jpg?resize=150%2C100&amp;ssl=1 150w, https:\/\/i0.wp.com\/www.tus-oppenau.de\/fussball\/wp-content\/uploads\/2014\/09\/IMG_9130_bearb_2k.jpg?resize=768%2C512&amp;ssl=1 768w, https:\/\/i0.wp.com\/www.tus-oppenau.de\/fussball\/wp-content\/uploads\/2014\/09\/IMG_9130_bearb_2k.jpg?resize=1260%2C840&amp;ssl=1 1260w, https:\/\/i0.wp.com\/www.tus-oppenau.de\/fussball\/wp-content\/uploads\/2014\/09\/IMG_9130_bearb_2k.jpg?w=2000&amp;ssl=1 2000w, https:\/\/i0.wp.com\/www.tus-oppenau.de\/fussball\/wp-content\/uploads\/2014\/09\/IMG_9130_bearb_2k.jpg?w=948&amp;ssl=1 948w, https:\/\/i0.wp.com\/www.tus-oppenau.de\/fussball\/wp-content\/uploads\/2014\/09\/IMG_9130_bearb_2k.jpg?w=1422&amp;ssl=1 1422w\" sizes=\"auto, (max-width: 474px) 100vw, 474px\" \/><\/a><\/p>\n<p><a href=\"https:\/\/i0.wp.com\/www.tus-oppenau.de\/fussball\/wp-content\/uploads\/2014\/09\/IMG_9110_bearb_2k.jpg?ssl=1\"><img data-recalc-dims=\"1\" loading=\"lazy\" decoding=\"async\" class=\"alignnone wp-image-3576 size-medium\" src=\"https:\/\/i0.wp.com\/www.tus-oppenau.de\/fussball\/wp-content\/uploads\/2014\/09\/IMG_9110_bearb_2k.jpg?resize=474%2C316&#038;ssl=1\" alt=\"img_9110_bearb_2k\" width=\"474\" height=\"316\" srcset=\"https:\/\/i0.wp.com\/www.tus-oppenau.de\/fussball\/wp-content\/uploads\/2014\/09\/IMG_9110_bearb_2k.jpg?resize=673%2C449&amp;ssl=1 673w, https:\/\/i0.wp.com\/www.tus-oppenau.de\/fussball\/wp-content\/uploads\/2014\/09\/IMG_9110_bearb_2k.jpg?resize=300%2C200&amp;ssl=1 300w, https:\/\/i0.wp.com\/www.tus-oppenau.de\/fussball\/wp-content\/uploads\/2014\/09\/IMG_9110_bearb_2k.jpg?resize=150%2C100&amp;ssl=1 150w, https:\/\/i0.wp.com\/www.tus-oppenau.de\/fussball\/wp-content\/uploads\/2014\/09\/IMG_9110_bearb_2k.jpg?resize=768%2C512&amp;ssl=1 768w, https:\/\/i0.wp.com\/www.tus-oppenau.de\/fussball\/wp-content\/uploads\/2014\/09\/IMG_9110_bearb_2k.jpg?resize=1260%2C840&amp;ssl=1 1260w, https:\/\/i0.wp.com\/www.tus-oppenau.de\/fussball\/wp-content\/uploads\/2014\/09\/IMG_9110_bearb_2k.jpg?w=2000&amp;ssl=1 2000w, https:\/\/i0.wp.com\/www.tus-oppenau.de\/fussball\/wp-content\/uploads\/2014\/09\/IMG_9110_bearb_2k.jpg?w=948&amp;ssl=1 948w, https:\/\/i0.wp.com\/www.tus-oppenau.de\/fussball\/wp-content\/uploads\/2014\/09\/IMG_9110_bearb_2k.jpg?w=1422&amp;ssl=1 1422w\" sizes=\"auto, (max-width: 474px) 100vw, 474px\" \/><\/a><\/p>\n<p align=\"justify\">Mit freundlicher Unterst\u00fctzung durch<\/p>\n<p align=\"justify\"><b><a href=\"http:\/\/www.spissinger.de\/\" target=\"_blank\" rel=\"noopener\">SPISSINGER \u2013 Sanit\u00e4r \u2013 Solar \u2013 Heizung<\/a><\/b><b> <\/b><\/p>\n<p align=\"justify\"><b><a href=\"http:\/\/www.modehaus-kimmig.de\/\" target=\"_blank\" rel=\"noopener\">Modehaus Kimmig<\/a><\/b><b> <\/b><\/p>\n<p align=\"justify\"><b><a href=\"https:\/\/www.rendler-hoferer.de\/\" target=\"_blank\" rel=\"noopener\">Rendler &amp; Hoferer GmbH<\/a><\/b><\/p>\n<p align=\"justify\">kann sich die Mannschaft \u00fcber einen neuen Trainingsanzug, Polo-Shirt und TuS-Pulli freuen und den Verein zuk\u00fcnftig auch optisch hervorragend repr\u00e4sentieren.<\/p>\n<p align=\"justify\">Einen ganz herzlichen Dank an die G\u00f6nner f\u00fcr die hervorragende Unterst\u00fctzung.<\/p>\n<h6>Kontakt:<\/h6>\n<p>Fabian Wild<br \/><a href=\"mailto:ah@tus-oppenau.de\">ah@tus-oppenau.de<\/a><\/p>\n<p>Beitr\u00e4ge<\/p>\n\n\n<div class=\"su-posts su-posts-default-loop \">\n\n\t\n\t\t\t\t\t\n\t\t\t\n\t\t\t<div id=\"su-post-12544\" class=\"su-post \">\n\n\t\t\t\t\n\t\t\t\t<h2 class=\"su-post-title\"><a href=\"https:\/\/www.tus-oppenau.de\/fussball\/2025\/11\/christian-kisse-huber-ist-ah-bowling-champion\/\">Christian &ldquo;Kisse&rdquo; Huber ist AH-Bowling Champion<\/a><\/h2>\n\n\t\t\t\t<div class=\"su-post-meta\">\n\t\t\t\t\tVer\u00f6ffentlicht: 1. November 2025\t\t\t\t<\/div>\n\n\t\t\t\t<div class=\"su-post-excerpt\">\n\t\t\t\t\t<p>Beim traditionellen AH-Bowling am 31.10. im KingPin Bowling-Center in Herbolzheim traten in diesem Jahr leider nur 7 hochmotivierte Bowler an. Gespielt wurde dennoch insgesamt 3 Stunden auf 2 Bahnen. Am Ende gab es nach 6 Bowling-Runden mit Christian \u201eKisse\u201c Huber einen&nbsp; klaren Sieger mit 879 Punkten. Auf dem zweiten Platz landete Daniel Huber mit 867 &hellip; <a href=\"https:\/\/www.tus-oppenau.de\/fussball\/2025\/11\/christian-kisse-huber-ist-ah-bowling-champion\/\" class=\"more-link\"><span class=\"screen-reader-text\">Christian &ldquo;Kisse&rdquo; Huber ist AH-Bowling Champion<\/span> weiterlesen <span class=\"meta-nav\">&rarr;<\/span><\/a><\/p>\n\t\t\t\t<\/div>\n\n\t\t\t\t\n\t\t\t<\/div>\n\n\t\t\t\t\t\n\t\t\t\n\t\t\t<div id=\"su-post-12099\" class=\"su-post \">\n\n\t\t\t\t\n\t\t\t\t<h2 class=\"su-post-title\"><a href=\"https:\/\/www.tus-oppenau.de\/fussball\/2025\/05\/tus-ah-spielte-gegen-die-jedermnner-vom-tsv-berg\/\">TuS AH spielte gegen die Jederm&auml;nner vom TSV Berg<\/a><\/h2>\n\n\t\t\t\t<div class=\"su-post-meta\">\n\t\t\t\t\tVer\u00f6ffentlicht: 25. Mai 2025\t\t\t\t<\/div>\n\n\t\t\t\t<div class=\"su-post-excerpt\">\n\t\t\t\t\t<p>Unter dem Motto \u201cZu Gast bei Freunden\u201d gab es am Freitagabend eine Neuauflage des mittlerweile zum Klassiker gewordenen Spiels&nbsp; TuS Oppenau AH \u2013 TSV Berg Jederm\u00e4nner auf der G\u00fcnter-Bimmerle-Sportst\u00e4tte. Das Kr\u00e4ftemessen fand bereits zum zehnten Mal statt. Bei besten \u00e4u\u00dferen Bedingungen wurde 2 x 40&nbsp; Minuten Fu\u00dfball gespielt. Beide Mannschaften wollten selbstverst\u00e4ndlich den Sieg in &hellip; <a href=\"https:\/\/www.tus-oppenau.de\/fussball\/2025\/05\/tus-ah-spielte-gegen-die-jedermnner-vom-tsv-berg\/\" class=\"more-link\"><span class=\"screen-reader-text\">TuS AH spielte gegen die Jederm&auml;nner vom TSV Berg<\/span> weiterlesen <span class=\"meta-nav\">&rarr;<\/span><\/a><\/p>\n\t\t\t\t<\/div>\n\n\t\t\t\t\n\t\t\t<\/div>\n\n\t\t\t\t\t\n\t\t\t\n\t\t\t<div id=\"su-post-11800\" class=\"su-post \">\n\n\t\t\t\t\n\t\t\t\t<h2 class=\"su-post-title\"><a href=\"https:\/\/www.tus-oppenau.de\/fussball\/2025\/02\/wintergrillfest-der-ah-zum-bl-tippspiel\/\">Wintergrillfest der AH zum BL-Tippspiel<\/a><\/h2>\n\n\t\t\t\t<div class=\"su-post-meta\">\n\t\t\t\t\tVer\u00f6ffentlicht: 1. Februar 2025\t\t\t\t<\/div>\n\n\t\t\t\t<div class=\"su-post-excerpt\">\n\t\t\t\t\t<p>Seit mehreren Jahren f\u00fchrt die AH ein internes Bundesliga-Tippspiel durch. Dabei erhalten die drei Erstplatzierten einen kleinen Preis und die drei letztplatzierten m\u00fcssen ein kleines Grillfest organisieren. In letzten Jahr hatte man auch noch ein EM-Tipp-Spiel durchgef\u00fchrt und f\u00fcr beide Tippspiele fand das obligatorische Grillfest als Wintergrillfest statt. Nach dem AH-Training am Freitagabend genoss man&nbsp; &hellip; <a href=\"https:\/\/www.tus-oppenau.de\/fussball\/2025\/02\/wintergrillfest-der-ah-zum-bl-tippspiel\/\" class=\"more-link\"><span class=\"screen-reader-text\">Wintergrillfest der AH zum BL-Tippspiel<\/span> weiterlesen <span class=\"meta-nav\">&rarr;<\/span><\/a><\/p>\n\t\t\t\t<\/div>\n\n\t\t\t\t\n\t\t\t<\/div>\n\n\t\t\n\t\n<\/div>\n\n","protected":false},"excerpt":{"rendered":"<p>Die AH des TuS Oppenau trainiert jeden Freitag um 18:30 h auf dem Haldenhof. Wer Interesse und Spa\u00df am Fu\u00dfball hat ist herzlich eingeladen zum &#8222;Probetraining&#8220; und zur Teilnahme an der 3. Halbzeit nach dem Training im Haldenhoftreff. Die AH spielt seit Jahren beim \u00dc35 RegioCup mit. In der Saison 2012\/2013 erreichte man unter 100 &hellip; <a href=\"https:\/\/www.tus-oppenau.de\/fussball\/2025\/02\/wintergrillfest-der-ah-zum-bl-tippspiel\/\" class=\"more-link\"><span class=\"screen-reader-text\">Wintergrillfest der AH zum BL-Tippspiel<\/span> weiterlesen <span class=\"meta-nav\">&rarr;<\/span><\/a><\/p>\n","protected":false},"author":93,"featured_media":1387,"parent":0,"menu_order":0,"comment_status":"closed","ping_status":"closed","template":"page-templates\/full-width.php","meta":{"footnotes":""},"class_list":["post-1237","page","type-page","status-publish","has-post-thumbnail","hentry"],"jetpack_sharing_enabled":true,"jetpack_likes_enabled":true,"_links":{"self":[{"href":"https:\/\/www.tus-oppenau.de\/fussball\/wp-json\/wp\/v2\/pages\/1237","targetHints":{"allow":["GET"]}}],"collection":[{"href":"https:\/\/www.tus-oppenau.de\/fussball\/wp-json\/wp\/v2\/pages"}],"about":[{"href":"https:\/\/www.tus-oppenau.de\/fussball\/wp-json\/wp\/v2\/types\/page"}],"author":[{"embeddable":true,"href":"https:\/\/www.tus-oppenau.de\/fussball\/wp-json\/wp\/v2\/users\/93"}],"replies":[{"embeddable":true,"href":"https:\/\/www.tus-oppenau.de\/fussball\/wp-json\/wp\/v2\/comments?post=1237"}],"version-history":[{"count":21,"href":"https:\/\/www.tus-oppenau.de\/fussball\/wp-json\/wp\/v2\/pages\/1237\/revisions"}],"predecessor-version":[{"id":11898,"href":"https:\/\/www.tus-oppenau.de\/fussball\/wp-json\/wp\/v2\/pages\/1237\/revisions\/11898"}],"wp:featuredmedia":[{"embeddable":true,"href":"https:\/\/www.tus-oppenau.de\/fussball\/wp-json\/wp\/v2\/media\/1387"}],"wp:attachment":[{"href":"https:\/\/www.tus-oppenau.de\/fussball\/wp-json\/wp\/v2\/media?parent=1237"}],"curies":[{"name":"wp","href":"https:\/\/api.w.org\/{rel}","templated":true}]}}