{"id":1652,"date":"2015-06-30T11:36:53","date_gmt":"2015-06-30T09:36:53","guid":{"rendered":"http:\/\/www.tus-oppenau.de\/fussball\/?page_id=1652"},"modified":"2016-05-10T12:47:48","modified_gmt":"2016-05-10T10:47:48","slug":"inhalte-fuer-die-tus-homepage-erstellen","status":"publish","type":"page","link":"https:\/\/www.tus-oppenau.de\/fussball\/inhalte-fuer-die-tus-homepage-erstellen\/","title":{"rendered":"Inhalte f\u00fcr die TuS Homepage erstellen"},"content":{"rendered":"<p>Mit der WordPress App k\u00f6nnen einfach neue Inhalte f\u00fcr die TuS Homepage erstellt werden. Download im Play Store hier\u00a0<a href=\"https:\/\/play.google.com\/store\/apps\/details?id=org.wordpress.android\"><br \/>\n<img data-recalc-dims=\"1\" decoding=\"async\" src=\"https:\/\/i0.wp.com\/developer.android.com\/images\/brand\/de_app_rgb_wo_60.png?w=474&#038;ssl=1\" alt=\"Android app on Google Play\" \/><br \/>\n<\/a><\/p>\n<p>oder hier<\/p>\n<p><a href=\"https:\/\/apps.wordpress.org\/\" target=\"_blank\">https:\/\/apps.wordpress.org\/<\/a><\/p>\n<p>Eine Anleitung zum Erstellen von Inhalten kann\u00a0\u00fcber <a href=\"mailto:fussball@tus-oppenau.de\">fussball@tus-oppenau.de<\/a> angefragt werden.<\/p>\n<p>&nbsp;<\/p>\n","protected":false},"excerpt":{"rendered":"<p>Mit der WordPress App k\u00f6nnen einfach neue Inhalte f\u00fcr die TuS Homepage erstellt werden. Download im Play Store hier\u00a0 oder hier https:\/\/apps.wordpress.org\/ Eine Anleitung zum Erstellen von Inhalten kann\u00a0\u00fcber fussball@tus-oppenau.de angefragt werden. &nbsp;<\/p>\n","protected":false},"author":93,"featured_media":0,"parent":0,"menu_order":0,"comment_status":"closed","ping_status":"closed","template":"","meta":{"footnotes":""},"class_list":["post-1652","page","type-page","status-publish","hentry"],"jetpack_sharing_enabled":true,"jetpack_likes_enabled":true,"_links":{"self":[{"href":"https:\/\/www.tus-oppenau.de\/fussball\/wp-json\/wp\/v2\/pages\/1652","targetHints":{"allow":["GET"]}}],"collection":[{"href":"https:\/\/www.tus-oppenau.de\/fussball\/wp-json\/wp\/v2\/pages"}],"about":[{"href":"https:\/\/www.tus-oppenau.de\/fussball\/wp-json\/wp\/v2\/types\/page"}],"author":[{"embeddable":true,"href":"https:\/\/www.tus-oppenau.de\/fussball\/wp-json\/wp\/v2\/users\/93"}],"replies":[{"embeddable":true,"href":"https:\/\/www.tus-oppenau.de\/fussball\/wp-json\/wp\/v2\/comments?post=1652"}],"version-history":[{"count":10,"href":"https:\/\/www.tus-oppenau.de\/fussball\/wp-json\/wp\/v2\/pages\/1652\/revisions"}],"predecessor-version":[{"id":1759,"href":"https:\/\/www.tus-oppenau.de\/fussball\/wp-json\/wp\/v2\/pages\/1652\/revisions\/1759"}],"wp:attachment":[{"href":"https:\/\/www.tus-oppenau.de\/fussball\/wp-json\/wp\/v2\/media?parent=1652"}],"curies":[{"name":"wp","href":"https:\/\/api.w.org\/{rel}","templated":true}]}}