{"id":2271,"date":"2015-10-07T22:00:57","date_gmt":"2015-10-07T20:00:57","guid":{"rendered":"http:\/\/www.tus-oppenau.de\/fussball\/?page_id=2271"},"modified":"2025-10-13T11:27:10","modified_gmt":"2025-10-13T09:27:10","slug":"g-juniorenbambinis","status":"publish","type":"page","link":"https:\/\/www.tus-oppenau.de\/fussball\/g-juniorenbambinis\/","title":{"rendered":"G \u2013 Junioren \/Bambinis"},"content":{"rendered":"<figure id=\"attachment_12434\" aria-describedby=\"caption-attachment-12434\" style=\"width: 673px\" class=\"wp-caption alignnone\"><a href=\"https:\/\/i0.wp.com\/www.tus-oppenau.de\/fussball\/wp-content\/uploads\/2025\/10\/WhatsApp-Image-2025-10-13-at-10.56.20-e1760347280856.jpeg?ssl=1\"><img data-recalc-dims=\"1\" loading=\"lazy\" decoding=\"async\" class=\"wp-image-12434 size-medium\" src=\"https:\/\/i0.wp.com\/www.tus-oppenau.de\/fussball\/wp-content\/uploads\/2025\/10\/WhatsApp-Image-2025-10-13-at-10.56.20-e1760347280856-673x431.jpeg?resize=474%2C304&#038;ssl=1\" alt=\"\" width=\"474\" height=\"304\" srcset=\"https:\/\/i0.wp.com\/www.tus-oppenau.de\/fussball\/wp-content\/uploads\/2025\/10\/WhatsApp-Image-2025-10-13-at-10.56.20-e1760347280856.jpeg?resize=673%2C431&amp;ssl=1 673w, https:\/\/i0.wp.com\/www.tus-oppenau.de\/fussball\/wp-content\/uploads\/2025\/10\/WhatsApp-Image-2025-10-13-at-10.56.20-e1760347280856.jpeg?resize=150%2C96&amp;ssl=1 150w, https:\/\/i0.wp.com\/www.tus-oppenau.de\/fussball\/wp-content\/uploads\/2025\/10\/WhatsApp-Image-2025-10-13-at-10.56.20-e1760347280856.jpeg?resize=768%2C492&amp;ssl=1 768w, https:\/\/i0.wp.com\/www.tus-oppenau.de\/fussball\/wp-content\/uploads\/2025\/10\/WhatsApp-Image-2025-10-13-at-10.56.20-e1760347280856.jpeg?w=1245&amp;ssl=1 1245w, https:\/\/i0.wp.com\/www.tus-oppenau.de\/fussball\/wp-content\/uploads\/2025\/10\/WhatsApp-Image-2025-10-13-at-10.56.20-e1760347280856.jpeg?w=948&amp;ssl=1 948w\" sizes=\"auto, (max-width: 474px) 100vw, 474px\" \/><\/a><figcaption id=\"caption-attachment-12434\" class=\"wp-caption-text\">Training: Mai bis Oktober Mittwoch 16.45 \u2013 17.45 Uhr am Sportplatz Oppenau<\/figcaption><\/figure>\n\n\n<div class=\"su-posts su-posts-default-loop \">\n\n\t\n\t\t\t\t\t\n\t\t\t\n\t\t\t<div id=\"su-post-12810\" class=\"su-post \">\n\n\t\t\t\t\n\t\t\t\t<h2 class=\"su-post-title\"><a href=\"https:\/\/www.tus-oppenau.de\/fussball\/2025\/12\/besuch-vom-nikolaus-auf-dem-haldenhof\/\">Besuch vom Nikolaus auf dem Haldenhof<\/a><\/h2>\n\n\t\t\t\t<div class=\"su-post-meta\">\n\t\t\t\t\tVer\u00f6ffentlicht: 8. Dezember 2025\t\t\t\t<\/div>\n\n\t\t\t\t<div class=\"su-post-excerpt\">\n\t\t\t\t\t<p>Nikolaus und Knecht Ruprecht besuchten die Kinder der Bambini und F-Jugend Die J\u00fcngsten des Vereins durften sich k\u00fcrzlich \u00fcber einen ganz besonderen Besuch freuen: Zum letzten Training des Jahres auf dem Haldenhof fanden Nikolaus und Knecht Ruprecht den Weg auf das Sportgel\u00e4nde! Die \u00dcberraschung war gro\u00df und die Aufregung wurde noch gr\u00f6\u00dfer, als Knecht Ruprecht &hellip; <a href=\"https:\/\/www.tus-oppenau.de\/fussball\/2025\/12\/besuch-vom-nikolaus-auf-dem-haldenhof\/\" class=\"more-link\"><span class=\"screen-reader-text\">Besuch vom Nikolaus auf dem Haldenhof<\/span> weiterlesen <span class=\"meta-nav\">&rarr;<\/span><\/a><\/p>\n\t\t\t\t<\/div>\n\n\t\t\t\t\n\t\t\t<\/div>\n\n\t\t\t\t\t\n\t\t\t\n\t\t\t<div id=\"su-post-12455\" class=\"su-post \">\n\n\t\t\t\t\n\t\t\t\t<h2 class=\"su-post-title\"><a href=\"https:\/\/www.tus-oppenau.de\/fussball\/2025\/10\/fair-play-spieltag-auf-dem-sportgelnde-haldenhof\/\">Fair-Play Spieltag auf dem Sportgel&auml;nde Haldenhof<\/a><\/h2>\n\n\t\t\t\t<div class=\"su-post-meta\">\n\t\t\t\t\tVer\u00f6ffentlicht: 13. Oktober 2025\t\t\t\t<\/div>\n\n\t\t\t\t<div class=\"su-post-excerpt\">\n\t\t\t\t\t<p>Am Sonntag, 12.10.25 fand der Fair-Play-Spieltag der G- und F-Junioren auf unserem Sportgel\u00e4nde statt.&nbsp; \u00dcber 20 Mannschaften der Vereine SV Oberkirch, SV Lautenbach, DJK Tiergarten-Haslach, SV Bad Peterstal und des TuS Oppenau nahmen daran teil und sorgten f\u00fcr sehr viel Betrieb auf dem Naturrasenplatz. Vielen herzlichen Dank an alle teilnehmenden Teams. Ein besonderer Dank geht &hellip; <a href=\"https:\/\/www.tus-oppenau.de\/fussball\/2025\/10\/fair-play-spieltag-auf-dem-sportgelnde-haldenhof\/\" class=\"more-link\"><span class=\"screen-reader-text\">Fair-Play Spieltag auf dem Sportgel&auml;nde Haldenhof<\/span> weiterlesen <span class=\"meta-nav\">&rarr;<\/span><\/a><\/p>\n\t\t\t\t<\/div>\n\n\t\t\t\t\n\t\t\t<\/div>\n\n\t\t\t\t\t\n\t\t\t\n\t\t\t<div id=\"su-post-11718\" class=\"su-post \">\n\n\t\t\t\t\t\t\t\t\t<a class=\"su-post-thumbnail\" href=\"https:\/\/www.tus-oppenau.de\/fussball\/2025\/01\/waldspeckgrillen-der-bambini-und-f-jugend-trainer\/\"><img loading=\"lazy\" decoding=\"async\" width=\"639\" height=\"372\" src=\"https:\/\/i0.wp.com\/www.tus-oppenau.de\/fussball\/wp-content\/uploads\/2025\/01\/Waldspeck.jpg?resize=639%2C372&amp;ssl=1\" class=\"attachment-post-thumbnail size-post-thumbnail wp-post-image\" alt=\"\" \/><\/a>\n\t\t\t\t\n\t\t\t\t<h2 class=\"su-post-title\"><a href=\"https:\/\/www.tus-oppenau.de\/fussball\/2025\/01\/waldspeckgrillen-der-bambini-und-f-jugend-trainer\/\">Waldspeckgrillen der Bambini und F-Jugend Trainer<\/a><\/h2>\n\n\t\t\t\t<div class=\"su-post-meta\">\n\t\t\t\t\tVer\u00f6ffentlicht: 15. Januar 2025\t\t\t\t<\/div>\n\n\t\t\t\t<div class=\"su-post-excerpt\">\n\t\t\t\t\t<p>Am vergangenen Sonntag trafen sich die Trainer der Bambini und F-Jugend mit ihren Familien bei besten \u00e4u\u00dferlichen Bedingungen auf dem Sportgel\u00e4nde am Haldenhof zum traditionellen Waldspeckgrillen. Bei einer hei\u00dfen Tasse Gl\u00fchwein oder Punsch w\u00e4rmte man sich von innen bei eisigen Temperaturen.\u00a0 Nat\u00fcrlich gab es auch andere Getr\u00e4nke zum verk\u00f6stigen.\u00a0 Sobald die Glut in der Feuerschale &hellip; <a href=\"https:\/\/www.tus-oppenau.de\/fussball\/2025\/01\/waldspeckgrillen-der-bambini-und-f-jugend-trainer\/\" class=\"more-link\"><span class=\"screen-reader-text\">Waldspeckgrillen der Bambini und F-Jugend Trainer<\/span> weiterlesen <span class=\"meta-nav\">&rarr;<\/span><\/a><\/p>\n\t\t\t\t<\/div>\n\n\t\t\t\t\n\t\t\t<\/div>\n\n\t\t\n\t\n<\/div>\n\n","protected":false},"excerpt":{"rendered":"","protected":false},"author":93,"featured_media":12436,"parent":0,"menu_order":0,"comment_status":"closed","ping_status":"closed","template":"page-templates\/full-width.php","meta":{"footnotes":""},"class_list":["post-2271","page","type-page","status-publish","has-post-thumbnail","hentry"],"jetpack_sharing_enabled":false,"jetpack_likes_enabled":true,"_links":{"self":[{"href":"https:\/\/www.tus-oppenau.de\/fussball\/wp-json\/wp\/v2\/pages\/2271","targetHints":{"allow":["GET"]}}],"collection":[{"href":"https:\/\/www.tus-oppenau.de\/fussball\/wp-json\/wp\/v2\/pages"}],"about":[{"href":"https:\/\/www.tus-oppenau.de\/fussball\/wp-json\/wp\/v2\/types\/page"}],"author":[{"embeddable":true,"href":"https:\/\/www.tus-oppenau.de\/fussball\/wp-json\/wp\/v2\/users\/93"}],"replies":[{"embeddable":true,"href":"https:\/\/www.tus-oppenau.de\/fussball\/wp-json\/wp\/v2\/comments?post=2271"}],"version-history":[{"count":15,"href":"https:\/\/www.tus-oppenau.de\/fussball\/wp-json\/wp\/v2\/pages\/2271\/revisions"}],"predecessor-version":[{"id":12438,"href":"https:\/\/www.tus-oppenau.de\/fussball\/wp-json\/wp\/v2\/pages\/2271\/revisions\/12438"}],"wp:featuredmedia":[{"embeddable":true,"href":"https:\/\/www.tus-oppenau.de\/fussball\/wp-json\/wp\/v2\/media\/12436"}],"wp:attachment":[{"href":"https:\/\/www.tus-oppenau.de\/fussball\/wp-json\/wp\/v2\/media?parent=2271"}],"curies":[{"name":"wp","href":"https:\/\/api.w.org\/{rel}","templated":true}]}}