{"id":4150,"date":"2017-05-19T11:04:17","date_gmt":"2017-05-19T09:04:17","guid":{"rendered":"http:\/\/www.tus-oppenau.de\/fussball\/?page_id=4150"},"modified":"2025-09-01T16:32:11","modified_gmt":"2025-09-01T14:32:11","slug":"a-junioren","status":"publish","type":"page","link":"https:\/\/www.tus-oppenau.de\/fussball\/a-junioren\/","title":{"rendered":"A &#8211; Junioren"},"content":{"rendered":"<p>A-Junioren SG Renchtal Lautenbach\/\u00d6dsbach\/Oppenau\/Bad Peterstal spielen unter SG Renchtal Staffel: Bezirksliga Offenburg<\/p>\n<p><a href=\"https:\/\/i0.wp.com\/www.tus-oppenau.de\/fussball\/wp-content\/uploads\/2024\/11\/rh_4392a-jugend2024-2025mannschaftsfotomittrainer_bearb6401331099246194822.jpg?ssl=1\" rel=\"noopener\"><img data-recalc-dims=\"1\" loading=\"lazy\" decoding=\"async\" class=\"alignnone wp-image-11581 size-full\" src=\"https:\/\/i0.wp.com\/www.tus-oppenau.de\/fussball\/wp-content\/uploads\/2024\/11\/rh_4392a-jugend2024-2025mannschaftsfotomittrainer_bearb6401331099246194822.jpg?resize=474%2C316&#038;ssl=1\" alt=\"\" width=\"474\" height=\"316\" srcset=\"https:\/\/i0.wp.com\/www.tus-oppenau.de\/fussball\/wp-content\/uploads\/2024\/11\/rh_4392a-jugend2024-2025mannschaftsfotomittrainer_bearb6401331099246194822.jpg?w=1999&amp;ssl=1 1999w, https:\/\/i0.wp.com\/www.tus-oppenau.de\/fussball\/wp-content\/uploads\/2024\/11\/rh_4392a-jugend2024-2025mannschaftsfotomittrainer_bearb6401331099246194822.jpg?resize=673%2C448&amp;ssl=1 673w, https:\/\/i0.wp.com\/www.tus-oppenau.de\/fussball\/wp-content\/uploads\/2024\/11\/rh_4392a-jugend2024-2025mannschaftsfotomittrainer_bearb6401331099246194822.jpg?resize=1260%2C840&amp;ssl=1 1260w, https:\/\/i0.wp.com\/www.tus-oppenau.de\/fussball\/wp-content\/uploads\/2024\/11\/rh_4392a-jugend2024-2025mannschaftsfotomittrainer_bearb6401331099246194822.jpg?resize=150%2C100&amp;ssl=1 150w, https:\/\/i0.wp.com\/www.tus-oppenau.de\/fussball\/wp-content\/uploads\/2024\/11\/rh_4392a-jugend2024-2025mannschaftsfotomittrainer_bearb6401331099246194822.jpg?resize=768%2C512&amp;ssl=1 768w, https:\/\/i0.wp.com\/www.tus-oppenau.de\/fussball\/wp-content\/uploads\/2024\/11\/rh_4392a-jugend2024-2025mannschaftsfotomittrainer_bearb6401331099246194822.jpg?resize=1536%2C1023&amp;ssl=1 1536w, https:\/\/i0.wp.com\/www.tus-oppenau.de\/fussball\/wp-content\/uploads\/2024\/11\/rh_4392a-jugend2024-2025mannschaftsfotomittrainer_bearb6401331099246194822.jpg?w=948&amp;ssl=1 948w, https:\/\/i0.wp.com\/www.tus-oppenau.de\/fussball\/wp-content\/uploads\/2024\/11\/rh_4392a-jugend2024-2025mannschaftsfotomittrainer_bearb6401331099246194822.jpg?w=1422&amp;ssl=1 1422w\" sizes=\"auto, (max-width: 474px) 100vw, 474px\" \/><\/a><\/p>\n<p>hinten von Links<br \/>\nFelix Zimmermann, Jonas Kiefer, Luca G\u00f6ring, Tobias M\u00fcller, Paul Kimmig, Samuel Flach, Lukas Baumann, Tim Schweiss, Marcello Waidele<\/p>\n<p>Mitte von Links<br \/>\nMarcell Armbruster, Nico Siebler, Elijah Maier, Linus Gaiser, Niklas Armbruster, David Sturm, Tim Wiedemer, Jeremias Huber, Mustafa Aldakhi, Julian Siebler, Thorsten Siebler, Ralf Haas, Tobias Zehnle<\/p>\n<p>Vorne von Links<br \/>\nJanis B\u00f6rsig, Felix Schwei\u00df, Gabriel Kopf, Philipp Tack, Max Geiler, Jonas Maier, Anton M\u00fcller, Steffen Haas, David Hoferer, Max Frietsch<\/p>\n<p>Es fehlen<br \/>\nWolfgang Bolz, Til Simoneit, Levin Latt, Jan Brohl, Youssef Daabuul<\/p>\n<p><a href=\"https:\/\/www.tus-oppenau.de\/fussball\/?page_id=1122\">A Junioren Ergebnisse<\/a>\n\n<div class=\"su-posts su-posts-default-loop \">\n\n\t\n\t\t\t\t\t\n\t\t\t\n\t\t\t<div id=\"su-post-11593\" class=\"su-post \">\n\n\t\t\t\t\t\t\t\t\t<a class=\"su-post-thumbnail\" href=\"https:\/\/www.tus-oppenau.de\/fussball\/2024\/11\/neuer-trikotsatz-fr-a-junioren\/\"><img loading=\"lazy\" decoding=\"async\" width=\"672\" height=\"372\" src=\"https:\/\/i0.wp.com\/www.tus-oppenau.de\/fussball\/wp-content\/uploads\/2024\/11\/rh_4392a-jugend2024-2025mannschaftsfotomittrainer_bearb6401331099246194822.jpg?resize=672%2C372&amp;ssl=1\" class=\"attachment-post-thumbnail size-post-thumbnail wp-post-image\" alt=\"\" srcset=\"https:\/\/i0.wp.com\/www.tus-oppenau.de\/fussball\/wp-content\/uploads\/2024\/11\/rh_4392a-jugend2024-2025mannschaftsfotomittrainer_bearb6401331099246194822.jpg?resize=672%2C372&amp;ssl=1 672w, https:\/\/i0.wp.com\/www.tus-oppenau.de\/fussball\/wp-content\/uploads\/2024\/11\/rh_4392a-jugend2024-2025mannschaftsfotomittrainer_bearb6401331099246194822.jpg?resize=1038%2C576&amp;ssl=1 1038w, https:\/\/i0.wp.com\/www.tus-oppenau.de\/fussball\/wp-content\/uploads\/2024\/11\/rh_4392a-jugend2024-2025mannschaftsfotomittrainer_bearb6401331099246194822.jpg?zoom=2&amp;resize=672%2C372&amp;ssl=1 1344w\" sizes=\"auto, (max-width: 474px) 100vw, 474px\" \/><\/a>\n\t\t\t\t\n\t\t\t\t<h2 class=\"su-post-title\"><a href=\"https:\/\/www.tus-oppenau.de\/fussball\/2024\/11\/neuer-trikotsatz-fr-a-junioren\/\">Neuer Trikotsatz f&uuml;r A-Junioren<\/a><\/h2>\n\n\t\t\t\t<div class=\"su-post-meta\">\n\t\t\t\t\tVer\u00f6ffentlicht: 26. November 2024\t\t\t\t<\/div>\n\n\t\t\t\t<div class=\"su-post-excerpt\">\n\t\t\t\t\t<p>Die A1-Junioren der SG Renchtal (TuS Oppenau, SV Lautenbach, SV Bad Peterstal und SV \u00d6dsbach) konnten sich durch die finanzielle Unterst\u00fctzung der Firma\u00a0 MULAG-Fahrzeugwerk \u00fcber einen neuen Trikotsatz freuen. Der Trikotsatz wurde \u00fcbergeben durch Patrick Doll, kaufm\u00e4nnischer Leiter der Firma MULAG-Fahrzeugwerk und Mitglied der Gesch\u00e4ftsleitung. \u00a0 Der Abteilungsleiter des TuS Oppenau Frank Spinner bedankte sich &hellip; <a href=\"https:\/\/www.tus-oppenau.de\/fussball\/2024\/11\/neuer-trikotsatz-fr-a-junioren\/\" class=\"more-link\"><span class=\"screen-reader-text\">Neuer Trikotsatz f&uuml;r A-Junioren<\/span> weiterlesen <span class=\"meta-nav\">&rarr;<\/span><\/a><\/p>\n\t\t\t\t<\/div>\n\n\t\t\t\t\n\t\t\t<\/div>\n\n\t\t\t\t\t\n\t\t\t\n\t\t\t<div id=\"su-post-10717\" class=\"su-post \">\n\n\t\t\t\t\t\t\t\t\t<a class=\"su-post-thumbnail\" href=\"https:\/\/www.tus-oppenau.de\/fussball\/2024\/04\/arbeitseinsatz-am-naturrasenplatz\/\"><img loading=\"lazy\" decoding=\"async\" width=\"672\" height=\"372\" src=\"https:\/\/i0.wp.com\/www.tus-oppenau.de\/fussball\/wp-content\/uploads\/2024\/04\/Arbeit_1.jpg?resize=672%2C372&amp;ssl=1\" class=\"attachment-post-thumbnail size-post-thumbnail wp-post-image\" alt=\"\" \/><\/a>\n\t\t\t\t\n\t\t\t\t<h2 class=\"su-post-title\"><a href=\"https:\/\/www.tus-oppenau.de\/fussball\/2024\/04\/arbeitseinsatz-am-naturrasenplatz\/\">Arbeitseinsatz am Naturrasenplatz<\/a><\/h2>\n\n\t\t\t\t<div class=\"su-post-meta\">\n\t\t\t\t\tVer\u00f6ffentlicht: 20. April 2024\t\t\t\t<\/div>\n\n\t\t\t\t<div class=\"su-post-excerpt\">\n\t\t\t\t\t<p>Am Samstag haben vier Spieler unserer der A-Junioren unter der Anleitung von Klaus \u201cSpiessli\u201d Huber\u00a0 die kompletten Bandenwerbeschilder am Naturrasenplatz ges\u00e4ubert. Die Bandenwerbeschilder waren \u00fcber die Zeit wieder sehr stark verschmutzt &#8211; aber nun gl\u00e4nzen die Werbeschilder unserer Sponsoren wieder. Mit der Motorsense wurde der Bereich um die Schilder zun\u00e4chst noch freigem\u00e4ht. Mit Wasserschlauch, Reinigungsmittelspr\u00fcher, &hellip; <a href=\"https:\/\/www.tus-oppenau.de\/fussball\/2024\/04\/arbeitseinsatz-am-naturrasenplatz\/\" class=\"more-link\"><span class=\"screen-reader-text\">Arbeitseinsatz am Naturrasenplatz<\/span> weiterlesen <span class=\"meta-nav\">&rarr;<\/span><\/a><\/p>\n\t\t\t\t<\/div>\n\n\t\t\t\t\n\t\t\t<\/div>\n\n\t\t\t\t\t\n\t\t\t\n\t\t\t<div id=\"su-post-8974\" class=\"su-post \">\n\n\t\t\t\t\t\t\t\t\t<a class=\"su-post-thumbnail\" href=\"https:\/\/www.tus-oppenau.de\/fussball\/2023\/03\/neue-teamware-fr-die-mannschaften-der-sg-renchtal\/\"><img loading=\"lazy\" decoding=\"async\" width=\"672\" height=\"372\" src=\"https:\/\/i0.wp.com\/www.tus-oppenau.de\/fussball\/wp-content\/uploads\/2023\/03\/RH_5468-schnitt.jpg?resize=672%2C372&amp;ssl=1\" class=\"attachment-post-thumbnail size-post-thumbnail wp-post-image\" alt=\"\" \/><\/a>\n\t\t\t\t\n\t\t\t\t<h2 class=\"su-post-title\"><a href=\"https:\/\/www.tus-oppenau.de\/fussball\/2023\/03\/neue-teamware-fr-die-mannschaften-der-sg-renchtal\/\">Neue Teamware f&uuml;r die Mannschaften der SG Renchtal<\/a><\/h2>\n\n\t\t\t\t<div class=\"su-post-meta\">\n\t\t\t\t\tVer\u00f6ffentlicht: 26. M\u00e4rz 2023\t\t\t\t<\/div>\n\n\t\t\t\t<div class=\"su-post-excerpt\">\n\t\t\t\t\t<p>Die C-, B- und A-Junioren der SG Renchtal (TuS Oppenau, SV Lautenbach, SV Bad Peterstal und SV \u00d6dsbach) konnten durch die tatkr\u00e4ftige finanzielle Unterst\u00fctzung von lokalen Sponsoren mit neuer einheitlicher Teamware ausgestattet werden. Zur Pr\u00e4sentation fand ein gemeinsamer Foto-Termin auf der G\u00fcnter-Bimmerle-Sportst\u00e4tte des TuS Oppenau statt. Der TuS Oppenau bedankt sich auch im Namen der &hellip; <a href=\"https:\/\/www.tus-oppenau.de\/fussball\/2023\/03\/neue-teamware-fr-die-mannschaften-der-sg-renchtal\/\" class=\"more-link\"><span class=\"screen-reader-text\">Neue Teamware f&uuml;r die Mannschaften der SG Renchtal<\/span> weiterlesen <span class=\"meta-nav\">&rarr;<\/span><\/a><\/p>\n\t\t\t\t<\/div>\n\n\t\t\t\t\n\t\t\t<\/div>\n\n\t\t\n\t\n<\/div>\n\n","protected":false},"excerpt":{"rendered":"<p>A-Junioren SG Renchtal Lautenbach\/\u00d6dsbach\/Oppenau\/Bad Peterstal spielen unter SG Renchtal Staffel: Bezirksliga Offenburg hinten von Links Felix Zimmermann, Jonas Kiefer, Luca G\u00f6ring, Tobias M\u00fcller, Paul Kimmig, Samuel Flach, Lukas Baumann, Tim Schweiss, Marcello Waidele Mitte von Links Marcell Armbruster, Nico Siebler, Elijah Maier, Linus Gaiser, Niklas Armbruster, David Sturm, Tim Wiedemer, Jeremias Huber, Mustafa Aldakhi, Julian &hellip; <a href=\"https:\/\/www.tus-oppenau.de\/fussball\/2023\/03\/neue-teamware-fr-die-mannschaften-der-sg-renchtal\/\" class=\"more-link\"><span class=\"screen-reader-text\">Neue Teamware f&uuml;r die Mannschaften der SG Renchtal<\/span> weiterlesen <span class=\"meta-nav\">&rarr;<\/span><\/a><\/p>\n","protected":false},"author":93,"featured_media":11581,"parent":0,"menu_order":0,"comment_status":"closed","ping_status":"closed","template":"page-templates\/full-width.php","meta":{"footnotes":""},"class_list":["post-4150","page","type-page","status-publish","has-post-thumbnail","hentry"],"jetpack_sharing_enabled":false,"jetpack_likes_enabled":true,"_links":{"self":[{"href":"https:\/\/www.tus-oppenau.de\/fussball\/wp-json\/wp\/v2\/pages\/4150","targetHints":{"allow":["GET"]}}],"collection":[{"href":"https:\/\/www.tus-oppenau.de\/fussball\/wp-json\/wp\/v2\/pages"}],"about":[{"href":"https:\/\/www.tus-oppenau.de\/fussball\/wp-json\/wp\/v2\/types\/page"}],"author":[{"embeddable":true,"href":"https:\/\/www.tus-oppenau.de\/fussball\/wp-json\/wp\/v2\/users\/93"}],"replies":[{"embeddable":true,"href":"https:\/\/www.tus-oppenau.de\/fussball\/wp-json\/wp\/v2\/comments?post=4150"}],"version-history":[{"count":20,"href":"https:\/\/www.tus-oppenau.de\/fussball\/wp-json\/wp\/v2\/pages\/4150\/revisions"}],"predecessor-version":[{"id":12323,"href":"https:\/\/www.tus-oppenau.de\/fussball\/wp-json\/wp\/v2\/pages\/4150\/revisions\/12323"}],"wp:featuredmedia":[{"embeddable":true,"href":"https:\/\/www.tus-oppenau.de\/fussball\/wp-json\/wp\/v2\/media\/11581"}],"wp:attachment":[{"href":"https:\/\/www.tus-oppenau.de\/fussball\/wp-json\/wp\/v2\/media?parent=4150"}],"curies":[{"name":"wp","href":"https:\/\/api.w.org\/{rel}","templated":true}]}}