{"id":579,"date":"2013-10-30T14:55:58","date_gmt":"2013-10-30T12:55:58","guid":{"rendered":"http:\/\/www.tus-oppenau.de\/fussball\/?page_id=579"},"modified":"2025-08-20T12:54:02","modified_gmt":"2025-08-20T10:54:02","slug":"der-verein","status":"publish","type":"page","link":"https:\/\/www.tus-oppenau.de\/fussball\/der-verein\/","title":{"rendered":"Herzlich Willkommen bei der Fu\u00dfballabteilung des TuS Oppenau e.V."},"content":{"rendered":"<p>Als Abteilung des gr\u00f6\u00dften Vereins der knapp 5000 Einwohner z\u00e4hlenden Stadt Oppenau wollen wir uns mit diesen Seiten der \u00d6ffentlichkeit vorstellen. Eine Vielzahl von Informationen rund um den Fu\u00dfball in Oppenau sowie der dazu geh\u00f6renden Kontaktadressen werden auf den nachfolgenden Seiten aufgef\u00fchrt. Vielleicht ist auch f\u00fcr Ihre sportlichen Interessen das Richtige dabei. Es werden auch verschiedene F\u00f6rderm\u00f6glichkeiten aufgezeigt, die nicht nur die sportlichen Ambitionen sondern in hohem Ma\u00dfe auch die soziale gesellschaftliche Funktion der Abteilung verdeutlicht. Durch aktives Mitwirken sei es durch ideelle oder finanzielle F\u00f6rderung k\u00f6nnen auch Sie einen wichtigen Beitrag leisten. Schauen Sie sich in Ruhe unsere Seiten an. Ihr Interesse an unserem Angebot w\u00fcrde uns sehr freuen. Mit Ihren Anregungen und Tipps ist unsere Ver\u00f6ffentlichung sicher noch ausbauf\u00e4hig.<\/p>\n<p>Hier der Steckbrief TuS Oppenau Abteilung Fu\u00dfball zum Download:<\/p>\n<p><a href=\"https:\/\/www.tus-oppenau.de\/fussball\/wp-content\/uploads\/2025\/08\/Steckbrief-TuS-Oppenau-Saison-2025_26.pdf\">Steckbrief-TuS-Oppenau-Saison-2025_26<\/a> (PDF)<\/p>\n<p><a href=\"https:\/\/www.tus-oppenau.de\/fussball\/wp-content\/uploads\/2025\/08\/Steckbrief-TuS-Oppenau-Saison-2025_26.docx\">Steckbrief-TuS-Oppenau-Saison-2025_26<\/a> (DOCX)<\/p>\n<figure id=\"attachment_12263\" aria-describedby=\"caption-attachment-12263\" style=\"width: 2560px\" class=\"wp-caption alignnone\"><a href=\"https:\/\/i0.wp.com\/www.tus-oppenau.de\/fussball\/wp-content\/uploads\/2025\/08\/IMG_5924-scaled.jpg?ssl=1\"><img data-recalc-dims=\"1\" loading=\"lazy\" decoding=\"async\" class=\"wp-image-12263 size-full\" src=\"https:\/\/i0.wp.com\/www.tus-oppenau.de\/fussball\/wp-content\/uploads\/2025\/08\/IMG_5924-scaled.jpg?resize=474%2C316&#038;ssl=1\" alt=\"\" width=\"474\" height=\"316\" srcset=\"https:\/\/i0.wp.com\/www.tus-oppenau.de\/fussball\/wp-content\/uploads\/2025\/08\/IMG_5924-scaled.jpg?w=2560&amp;ssl=1 2560w, https:\/\/i0.wp.com\/www.tus-oppenau.de\/fussball\/wp-content\/uploads\/2025\/08\/IMG_5924-scaled.jpg?resize=673%2C449&amp;ssl=1 673w, https:\/\/i0.wp.com\/www.tus-oppenau.de\/fussball\/wp-content\/uploads\/2025\/08\/IMG_5924-scaled.jpg?resize=1260%2C840&amp;ssl=1 1260w, https:\/\/i0.wp.com\/www.tus-oppenau.de\/fussball\/wp-content\/uploads\/2025\/08\/IMG_5924-scaled.jpg?resize=150%2C100&amp;ssl=1 150w, https:\/\/i0.wp.com\/www.tus-oppenau.de\/fussball\/wp-content\/uploads\/2025\/08\/IMG_5924-scaled.jpg?resize=768%2C512&amp;ssl=1 768w, https:\/\/i0.wp.com\/www.tus-oppenau.de\/fussball\/wp-content\/uploads\/2025\/08\/IMG_5924-scaled.jpg?resize=1536%2C1024&amp;ssl=1 1536w, https:\/\/i0.wp.com\/www.tus-oppenau.de\/fussball\/wp-content\/uploads\/2025\/08\/IMG_5924-scaled.jpg?resize=2048%2C1365&amp;ssl=1 2048w, https:\/\/i0.wp.com\/www.tus-oppenau.de\/fussball\/wp-content\/uploads\/2025\/08\/IMG_5924-scaled.jpg?w=948&amp;ssl=1 948w, https:\/\/i0.wp.com\/www.tus-oppenau.de\/fussball\/wp-content\/uploads\/2025\/08\/IMG_5924-scaled.jpg?w=1422&amp;ssl=1 1422w\" sizes=\"auto, (max-width: 474px) 100vw, 474px\" \/><\/a><figcaption id=\"caption-attachment-12263\" class=\"wp-caption-text\">Kader Erste Mannschaft Saison 2025\/26<\/figcaption><\/figure>\n<p>Wir \u00fcber uns: Mitglieder: ca. 440, Vereinsfarben: Rot-Wei\u00df<\/p>\n<h6>Sportanlage Haldenhof:<\/h6>\n<p>Der TuS Oppenau verf\u00fcgt am &#8222;Haldenhof&#8220; \u00fcber ein gro\u00dffl\u00e4chiges Sportgel\u00e4nde, welches in Eigenregie gepflegt und unterhalten wird. Dieses umfasst einen Kunstrasenplatz mit LED Flutlichtanlage, einen Rasenplatz mit angef\u00fcgter Kleinfeld Rasenfl\u00e4che, das Sportheim und einen gro\u00dfen Kinderspielplatz.<\/p>\n<figure id=\"attachment_1392\" aria-describedby=\"caption-attachment-1392\" style=\"width: 673px\" class=\"wp-caption alignnone\"><a href=\"https:\/\/i0.wp.com\/www.tus-oppenau.de\/fussball\/wp-content\/uploads\/2013\/10\/TUS20141010-029_mitSignet_homepage_web.jpg?ssl=1\"><img data-recalc-dims=\"1\" loading=\"lazy\" decoding=\"async\" class=\"wp-image-1392 size-medium\" src=\"https:\/\/i0.wp.com\/www.tus-oppenau.de\/fussball\/wp-content\/uploads\/2013\/10\/TUS20141010-029_mitSignet_homepage_web.jpg?resize=474%2C354&#038;ssl=1\" alt=\"\" width=\"474\" height=\"354\" srcset=\"https:\/\/i0.wp.com\/www.tus-oppenau.de\/fussball\/wp-content\/uploads\/2013\/10\/TUS20141010-029_mitSignet_homepage_web.jpg?resize=673%2C502&amp;ssl=1 673w, https:\/\/i0.wp.com\/www.tus-oppenau.de\/fussball\/wp-content\/uploads\/2013\/10\/TUS20141010-029_mitSignet_homepage_web.jpg?resize=300%2C224&amp;ssl=1 300w, https:\/\/i0.wp.com\/www.tus-oppenau.de\/fussball\/wp-content\/uploads\/2013\/10\/TUS20141010-029_mitSignet_homepage_web.jpg?resize=150%2C112&amp;ssl=1 150w, https:\/\/i0.wp.com\/www.tus-oppenau.de\/fussball\/wp-content\/uploads\/2013\/10\/TUS20141010-029_mitSignet_homepage_web.jpg?w=1148&amp;ssl=1 1148w, https:\/\/i0.wp.com\/www.tus-oppenau.de\/fussball\/wp-content\/uploads\/2013\/10\/TUS20141010-029_mitSignet_homepage_web.jpg?w=948&amp;ssl=1 948w\" sizes=\"auto, (max-width: 474px) 100vw, 474px\" \/><\/a><figcaption id=\"caption-attachment-1392\" class=\"wp-caption-text\">Die Sportanlage mit Rasenplatz, Sportheim und Kunstrasenplatz mit Flutlicht aus der Vogelperspektive&lt; \u00a92013 SICHTWECHSEL &#8211; Agentur f\u00fcr integrierte Kommunikation und Markenstrategie www.sicht-wechsel.de<\/figcaption><\/figure>\n<p><a href=\"https:\/\/i0.wp.com\/www.tus-oppenau.de\/fussball\/wp-content\/uploads\/2013\/10\/Sportplatz.jpg?ssl=1\"><img data-recalc-dims=\"1\" loading=\"lazy\" decoding=\"async\" class=\"alignnone size-medium wp-image-4365\" src=\"https:\/\/i0.wp.com\/www.tus-oppenau.de\/fussball\/wp-content\/uploads\/2013\/10\/Sportplatz.jpg?resize=474%2C316&#038;ssl=1\" alt=\"\" width=\"474\" height=\"316\" srcset=\"https:\/\/i0.wp.com\/www.tus-oppenau.de\/fussball\/wp-content\/uploads\/2013\/10\/Sportplatz.jpg?resize=673%2C448&amp;ssl=1 673w, https:\/\/i0.wp.com\/www.tus-oppenau.de\/fussball\/wp-content\/uploads\/2013\/10\/Sportplatz.jpg?resize=300%2C199&amp;ssl=1 300w, https:\/\/i0.wp.com\/www.tus-oppenau.de\/fussball\/wp-content\/uploads\/2013\/10\/Sportplatz.jpg?resize=150%2C100&amp;ssl=1 150w, https:\/\/i0.wp.com\/www.tus-oppenau.de\/fussball\/wp-content\/uploads\/2013\/10\/Sportplatz.jpg?resize=768%2C511&amp;ssl=1 768w, https:\/\/i0.wp.com\/www.tus-oppenau.de\/fussball\/wp-content\/uploads\/2013\/10\/Sportplatz.jpg?resize=1260%2C838&amp;ssl=1 1260w, https:\/\/i0.wp.com\/www.tus-oppenau.de\/fussball\/wp-content\/uploads\/2013\/10\/Sportplatz.jpg?w=1952&amp;ssl=1 1952w, https:\/\/i0.wp.com\/www.tus-oppenau.de\/fussball\/wp-content\/uploads\/2013\/10\/Sportplatz.jpg?w=948&amp;ssl=1 948w, https:\/\/i0.wp.com\/www.tus-oppenau.de\/fussball\/wp-content\/uploads\/2013\/10\/Sportplatz.jpg?w=1422&amp;ssl=1 1422w\" sizes=\"auto, (max-width: 474px) 100vw, 474px\" \/><\/a><\/p>\n<figure id=\"attachment_7857\" aria-describedby=\"caption-attachment-7857\" style=\"width: 673px\" class=\"wp-caption aligncenter\"><a href=\"https:\/\/i0.wp.com\/www.tus-oppenau.de\/fussball\/wp-content\/uploads\/2021\/05\/DJI_0221-scaled.jpg?ssl=1\"><img data-recalc-dims=\"1\" loading=\"lazy\" decoding=\"async\" class=\"size-medium wp-image-7857\" src=\"https:\/\/i0.wp.com\/www.tus-oppenau.de\/fussball\/wp-content\/uploads\/2021\/05\/DJI_0221.jpg?resize=474%2C200&#038;ssl=1\" alt=\"\" width=\"474\" height=\"200\" srcset=\"https:\/\/i0.wp.com\/www.tus-oppenau.de\/fussball\/wp-content\/uploads\/2021\/05\/DJI_0221-scaled.jpg?resize=673%2C284&amp;ssl=1 673w, https:\/\/i0.wp.com\/www.tus-oppenau.de\/fussball\/wp-content\/uploads\/2021\/05\/DJI_0221-scaled.jpg?resize=300%2C127&amp;ssl=1 300w, https:\/\/i0.wp.com\/www.tus-oppenau.de\/fussball\/wp-content\/uploads\/2021\/05\/DJI_0221-scaled.jpg?resize=1260%2C532&amp;ssl=1 1260w, https:\/\/i0.wp.com\/www.tus-oppenau.de\/fussball\/wp-content\/uploads\/2021\/05\/DJI_0221-scaled.jpg?resize=150%2C63&amp;ssl=1 150w, https:\/\/i0.wp.com\/www.tus-oppenau.de\/fussball\/wp-content\/uploads\/2021\/05\/DJI_0221-scaled.jpg?resize=768%2C324&amp;ssl=1 768w, https:\/\/i0.wp.com\/www.tus-oppenau.de\/fussball\/wp-content\/uploads\/2021\/05\/DJI_0221-scaled.jpg?resize=1536%2C648&amp;ssl=1 1536w, https:\/\/i0.wp.com\/www.tus-oppenau.de\/fussball\/wp-content\/uploads\/2021\/05\/DJI_0221-scaled.jpg?resize=2048%2C864&amp;ssl=1 2048w, https:\/\/i0.wp.com\/www.tus-oppenau.de\/fussball\/wp-content\/uploads\/2021\/05\/DJI_0221-scaled.jpg?w=948&amp;ssl=1 948w, https:\/\/i0.wp.com\/www.tus-oppenau.de\/fussball\/wp-content\/uploads\/2021\/05\/DJI_0221-scaled.jpg?w=1422&amp;ssl=1 1422w\" sizes=\"auto, (max-width: 474px) 100vw, 474px\" \/><\/a><figcaption id=\"caption-attachment-7857\" class=\"wp-caption-text\">Unser Kunstrasenplatz unter Flutlicht<\/figcaption><\/figure>\n<figure id=\"attachment_7858\" aria-describedby=\"caption-attachment-7858\" style=\"width: 673px\" class=\"wp-caption aligncenter\"><a href=\"https:\/\/i0.wp.com\/www.tus-oppenau.de\/fussball\/wp-content\/uploads\/2021\/05\/DJI_0223-scaled.jpg?ssl=1\"><img data-recalc-dims=\"1\" loading=\"lazy\" decoding=\"async\" class=\"size-medium wp-image-7858\" src=\"https:\/\/i0.wp.com\/www.tus-oppenau.de\/fussball\/wp-content\/uploads\/2021\/05\/DJI_0223.jpg?resize=474%2C302&#038;ssl=1\" alt=\"\" width=\"474\" height=\"302\" srcset=\"https:\/\/i0.wp.com\/www.tus-oppenau.de\/fussball\/wp-content\/uploads\/2021\/05\/DJI_0223-scaled.jpg?resize=673%2C429&amp;ssl=1 673w, https:\/\/i0.wp.com\/www.tus-oppenau.de\/fussball\/wp-content\/uploads\/2021\/05\/DJI_0223-scaled.jpg?resize=300%2C191&amp;ssl=1 300w, https:\/\/i0.wp.com\/www.tus-oppenau.de\/fussball\/wp-content\/uploads\/2021\/05\/DJI_0223-scaled.jpg?resize=1260%2C803&amp;ssl=1 1260w, https:\/\/i0.wp.com\/www.tus-oppenau.de\/fussball\/wp-content\/uploads\/2021\/05\/DJI_0223-scaled.jpg?resize=150%2C96&amp;ssl=1 150w, https:\/\/i0.wp.com\/www.tus-oppenau.de\/fussball\/wp-content\/uploads\/2021\/05\/DJI_0223-scaled.jpg?resize=768%2C490&amp;ssl=1 768w, https:\/\/i0.wp.com\/www.tus-oppenau.de\/fussball\/wp-content\/uploads\/2021\/05\/DJI_0223-scaled.jpg?resize=1536%2C979&amp;ssl=1 1536w, https:\/\/i0.wp.com\/www.tus-oppenau.de\/fussball\/wp-content\/uploads\/2021\/05\/DJI_0223-scaled.jpg?resize=2048%2C1305&amp;ssl=1 2048w, https:\/\/i0.wp.com\/www.tus-oppenau.de\/fussball\/wp-content\/uploads\/2021\/05\/DJI_0223-scaled.jpg?w=948&amp;ssl=1 948w, https:\/\/i0.wp.com\/www.tus-oppenau.de\/fussball\/wp-content\/uploads\/2021\/05\/DJI_0223-scaled.jpg?w=1422&amp;ssl=1 1422w\" sizes=\"auto, (max-width: 474px) 100vw, 474px\" \/><\/a><figcaption id=\"caption-attachment-7858\" class=\"wp-caption-text\">Unser Kunstrasenplatz unter Flutlicht<\/figcaption><\/figure>\n<figure id=\"attachment_7859\" aria-describedby=\"caption-attachment-7859\" style=\"width: 673px\" class=\"wp-caption aligncenter\"><a href=\"https:\/\/i0.wp.com\/www.tus-oppenau.de\/fussball\/wp-content\/uploads\/2021\/05\/DJI_0235-scaled.jpg?ssl=1\"><img data-recalc-dims=\"1\" loading=\"lazy\" decoding=\"async\" class=\"size-medium wp-image-7859\" src=\"https:\/\/i0.wp.com\/www.tus-oppenau.de\/fussball\/wp-content\/uploads\/2021\/05\/DJI_0235.jpg?resize=474%2C253&#038;ssl=1\" alt=\"\" width=\"474\" height=\"253\" srcset=\"https:\/\/i0.wp.com\/www.tus-oppenau.de\/fussball\/wp-content\/uploads\/2021\/05\/DJI_0235-scaled.jpg?resize=673%2C359&amp;ssl=1 673w, https:\/\/i0.wp.com\/www.tus-oppenau.de\/fussball\/wp-content\/uploads\/2021\/05\/DJI_0235-scaled.jpg?resize=300%2C160&amp;ssl=1 300w, https:\/\/i0.wp.com\/www.tus-oppenau.de\/fussball\/wp-content\/uploads\/2021\/05\/DJI_0235-scaled.jpg?resize=1260%2C673&amp;ssl=1 1260w, https:\/\/i0.wp.com\/www.tus-oppenau.de\/fussball\/wp-content\/uploads\/2021\/05\/DJI_0235-scaled.jpg?resize=150%2C80&amp;ssl=1 150w, https:\/\/i0.wp.com\/www.tus-oppenau.de\/fussball\/wp-content\/uploads\/2021\/05\/DJI_0235-scaled.jpg?resize=768%2C410&amp;ssl=1 768w, https:\/\/i0.wp.com\/www.tus-oppenau.de\/fussball\/wp-content\/uploads\/2021\/05\/DJI_0235-scaled.jpg?resize=1536%2C820&amp;ssl=1 1536w, https:\/\/i0.wp.com\/www.tus-oppenau.de\/fussball\/wp-content\/uploads\/2021\/05\/DJI_0235-scaled.jpg?resize=2048%2C1093&amp;ssl=1 2048w, https:\/\/i0.wp.com\/www.tus-oppenau.de\/fussball\/wp-content\/uploads\/2021\/05\/DJI_0235-scaled.jpg?w=948&amp;ssl=1 948w, https:\/\/i0.wp.com\/www.tus-oppenau.de\/fussball\/wp-content\/uploads\/2021\/05\/DJI_0235-scaled.jpg?w=1422&amp;ssl=1 1422w\" sizes=\"auto, (max-width: 474px) 100vw, 474px\" \/><\/a><figcaption id=\"caption-attachment-7859\" class=\"wp-caption-text\">Unser Kunstrasenplatz unter Flutlicht<\/figcaption><\/figure>\n<p>Der TuS Oppenau hat derzeit die folgenden Mannschaften: 3 Senioren-, 1 Damen-SG-, 1 Alte Herren-Mannschaft, 12 Jugend-Mannschaften (teilweise in Spielgemeinschaften), Fu\u00dfballschule.<\/p>\n<p>Clubheim Telefon: 07804-3411<\/p>\n<p>Email: <a href=\"mailto:fussball@tus-oppenau.de\">fussball@tus-oppenau.de<\/a><\/p>\n<p>Vereinsmagazin:&#8220;Haldenhof aktuell&#8220;<br \/>\nDas Oppenauer Fu\u00dfballmagazin<br \/>\nR\u00fcckblick-Vorschau-Information gibt es an Heimspieltagen.<\/p>\n<p><!-- Kommentar: Online Abruf&amp;amp;amp;amp;amp;lt;br&amp;amp;amp;amp;amp;gt;&amp;amp;amp;amp;amp;lt;a href=\"https:\/\/drive.google.com\/folderview?id=0B-lvTC104JMwUTd1czZ4dUJ0Znc&amp;amp;amp;amp;amp;amp;amp;usp=sharing\" target=\"_blank\" rel=\"noopener noreferrer\"&amp;amp;amp;amp;amp;gt;Hier Online abrufbar&amp;amp;amp;amp;amp;lt;\/a&amp;amp;amp;amp;amp;gt;&amp;amp;amp;amp;amp;lt;br&amp;amp;amp;amp;amp;gt;Kommentar ENDE --><\/p>\n<h6>Die Abteilung wird derzeit gef\u00fchrt von:<\/h6>\n<p>1. Vorstand : Frank Spinner<br \/>\nVorstand Jugend : Stephan Maier<br \/>\nVorstand Sport : Toni Kimmig<br \/>\nJugendleiter : Cesare Ruggeri<br \/>\nKassierer : Conny Huber<br \/>\nSchriftf\u00fchrer : G\u00fcnter Huber<\/p>\n<h6>&#8222;Haldenhoftreff&#8220; des TuS Oppenau<\/h6>\n<p>Das Haldenhofteam bewirtet Euch gern in einer gem\u00fctlichen Atmosph\u00e4re. Wir bieten einfache Gerichte, BAUH\u00d6FER Biere vom Fass, Weine von Bimmerle und nat\u00fcrlich alkoholfreie Getr\u00e4nke unseres Sponsors &#8222;Peterstaler&#8220;.<\/p>\n<p>Der &#8222;Haldenhoftreff&#8220; ist Dienstag, Donnerstag und Freitag ab 19.00 Uhr und am Wochenende zu allen Heimspielen unserer Jugend- und Seniorenmannschaften ge\u00f6ffnet. \u00dcberzeugt Euch selbst und schaut mal rein. Wir freuen uns \u00fcber Euren Besuch.<\/p>\n<p>Das Haldenhofteam<\/p>\n<h6>Impressionen vom Sportheim:<\/h6>\n<p><img data-recalc-dims=\"1\" loading=\"lazy\" decoding=\"async\" class=\"wp-image-11569 alignnone size-full\" src=\"https:\/\/i0.wp.com\/www.tus-oppenau.de\/fussball\/wp-content\/uploads\/2024\/11\/bild14196369114751488608.jpg?resize=474%2C261&#038;ssl=1\" width=\"474\" height=\"261\" srcset=\"https:\/\/i0.wp.com\/www.tus-oppenau.de\/fussball\/wp-content\/uploads\/2024\/11\/bild14196369114751488608.jpg?w=1371&amp;ssl=1 1371w, https:\/\/i0.wp.com\/www.tus-oppenau.de\/fussball\/wp-content\/uploads\/2024\/11\/bild14196369114751488608.jpg?resize=673%2C371&amp;ssl=1 673w, https:\/\/i0.wp.com\/www.tus-oppenau.de\/fussball\/wp-content\/uploads\/2024\/11\/bild14196369114751488608.jpg?resize=1260%2C694&amp;ssl=1 1260w, https:\/\/i0.wp.com\/www.tus-oppenau.de\/fussball\/wp-content\/uploads\/2024\/11\/bild14196369114751488608.jpg?resize=150%2C83&amp;ssl=1 150w, https:\/\/i0.wp.com\/www.tus-oppenau.de\/fussball\/wp-content\/uploads\/2024\/11\/bild14196369114751488608.jpg?resize=768%2C423&amp;ssl=1 768w, https:\/\/i0.wp.com\/www.tus-oppenau.de\/fussball\/wp-content\/uploads\/2024\/11\/bild14196369114751488608.jpg?w=948&amp;ssl=1 948w\" sizes=\"auto, (max-width: 474px) 100vw, 474px\" \/><\/p>\n<p><img data-recalc-dims=\"1\" loading=\"lazy\" decoding=\"async\" class=\"wp-image-11567 alignnone size-full\" src=\"https:\/\/i0.wp.com\/www.tus-oppenau.de\/fussball\/wp-content\/uploads\/2024\/11\/bild23062107608995030922.jpg?resize=474%2C266&#038;ssl=1\" width=\"474\" height=\"266\" srcset=\"https:\/\/i0.wp.com\/www.tus-oppenau.de\/fussball\/wp-content\/uploads\/2024\/11\/bild23062107608995030922.jpg?w=485&amp;ssl=1 485w, https:\/\/i0.wp.com\/www.tus-oppenau.de\/fussball\/wp-content\/uploads\/2024\/11\/bild23062107608995030922.jpg?resize=150%2C84&amp;ssl=1 150w\" sizes=\"auto, (max-width: 474px) 100vw, 474px\" \/><\/p>\n<p><img data-recalc-dims=\"1\" loading=\"lazy\" decoding=\"async\" class=\"wp-image-11568 alignnone size-full\" src=\"https:\/\/i0.wp.com\/www.tus-oppenau.de\/fussball\/wp-content\/uploads\/2024\/11\/bild4937332749065033236.jpg?resize=474%2C213&#038;ssl=1\" width=\"474\" height=\"213\" srcset=\"https:\/\/i0.wp.com\/www.tus-oppenau.de\/fussball\/wp-content\/uploads\/2024\/11\/bild4937332749065033236.jpg?w=485&amp;ssl=1 485w, https:\/\/i0.wp.com\/www.tus-oppenau.de\/fussball\/wp-content\/uploads\/2024\/11\/bild4937332749065033236.jpg?resize=150%2C67&amp;ssl=1 150w\" sizes=\"auto, (max-width: 474px) 100vw, 474px\" \/><\/p>\n","protected":false},"excerpt":{"rendered":"<p>Als Abteilung des gr\u00f6\u00dften Vereins der knapp 5000 Einwohner z\u00e4hlenden Stadt Oppenau wollen wir uns mit diesen Seiten der \u00d6ffentlichkeit vorstellen. Eine Vielzahl von Informationen rund um den Fu\u00dfball in Oppenau sowie der dazu geh\u00f6renden Kontaktadressen werden auf den nachfolgenden Seiten aufgef\u00fchrt. Vielleicht ist auch f\u00fcr Ihre sportlichen Interessen das Richtige dabei. Es werden auch &hellip; <a href=\"https:\/\/www.tus-oppenau.de\/fussball\/der-verein\/\" class=\"more-link\"><span class=\"screen-reader-text\">Herzlich Willkommen bei der Fu\u00dfballabteilung des TuS Oppenau e.V.<\/span> weiterlesen <span class=\"meta-nav\">&rarr;<\/span><\/a><\/p>\n","protected":false},"author":1,"featured_media":1188,"parent":0,"menu_order":0,"comment_status":"closed","ping_status":"closed","template":"page-templates\/full-width.php","meta":{"footnotes":""},"class_list":["post-579","page","type-page","status-publish","has-post-thumbnail","hentry"],"jetpack_sharing_enabled":true,"jetpack_likes_enabled":true,"_links":{"self":[{"href":"https:\/\/www.tus-oppenau.de\/fussball\/wp-json\/wp\/v2\/pages\/579","targetHints":{"allow":["GET"]}}],"collection":[{"href":"https:\/\/www.tus-oppenau.de\/fussball\/wp-json\/wp\/v2\/pages"}],"about":[{"href":"https:\/\/www.tus-oppenau.de\/fussball\/wp-json\/wp\/v2\/types\/page"}],"author":[{"embeddable":true,"href":"https:\/\/www.tus-oppenau.de\/fussball\/wp-json\/wp\/v2\/users\/1"}],"replies":[{"embeddable":true,"href":"https:\/\/www.tus-oppenau.de\/fussball\/wp-json\/wp\/v2\/comments?post=579"}],"version-history":[{"count":74,"href":"https:\/\/www.tus-oppenau.de\/fussball\/wp-json\/wp\/v2\/pages\/579\/revisions"}],"predecessor-version":[{"id":12265,"href":"https:\/\/www.tus-oppenau.de\/fussball\/wp-json\/wp\/v2\/pages\/579\/revisions\/12265"}],"wp:featuredmedia":[{"embeddable":true,"href":"https:\/\/www.tus-oppenau.de\/fussball\/wp-json\/wp\/v2\/media\/1188"}],"wp:attachment":[{"href":"https:\/\/www.tus-oppenau.de\/fussball\/wp-json\/wp\/v2\/media?parent=579"}],"curies":[{"name":"wp","href":"https:\/\/api.w.org\/{rel}","templated":true}]}}