{"id":7645,"date":"2020-12-25T14:14:25","date_gmt":"2020-12-25T12:14:25","guid":{"rendered":"http:\/\/www.tus-oppenau.de\/fussball\/?page_id=7645"},"modified":"2021-12-10T13:02:07","modified_gmt":"2021-12-10T11:02:07","slug":"sponsoring","status":"publish","type":"page","link":"https:\/\/www.tus-oppenau.de\/fussball\/sponsoring\/","title":{"rendered":"Sponsoring"},"content":{"rendered":"<h3>Was bietet der TuS Oppenau f\u00fcr Sie als Sponsor ?<\/h3>\n<ul>\n<li>Anerkannt positives Image eines Vereins mit einer ausgezeichneten Jugendarbeit<\/li>\n<li>Aufmerksamkeit des Vereins in der Presse \u2013 durch die Landesliga mit \u00fcberregionaler Berichterstattung<\/li>\n<li>Eine der sch\u00f6nsten Sportanlagen in der Ortenau \u2013 direkt an der B28 gelegen<\/li>\n<li>Eine ausgezeichnete Werbeplattform als Gegenleistung f\u00fcr Ihre finanzielle Unterst\u00fctzung<\/li>\n<li>Freier Eintritt (Jahreskarte) zu allen Heimspielen f\u00fcr den Sponsor<\/li>\n<li>J\u00e4hrlich stattfindender Sponsoren-Stammtisch als Plattform f\u00fcr Informationen aus dem Verein und zur F\u00f6rderung des gegenseitigen Austauschs, des gemeinsamen Netzwerks und der Gem\u00fctlichkeit<\/li>\n<li>Verlinkung der Sponsoren auf der vereinseigenen Homepage<\/li>\n<li>Spendenbescheinigung<\/li>\n<\/ul>\n<h3><span style=\"font-weight: 400;\">M\u00f6glichkeiten des Sponsoring<\/span><\/h3>\n<ul>\n<li><b>Bandenwerbung<\/b><span style=\"font-weight: 400;\"> (Banden- oder Meshbannerwerbung am Natur- und Kunstrasenplatz)<\/span><\/li>\n<li><b>Anzeigenwerbung <\/b><span style=\"font-weight: 400;\">(Anzeigen im Stadionheft \u201eHaldenhof aktuell\u201c)<\/span><\/li>\n<li><b>Werbefl\u00e4che\u00a0 <\/b><span style=\"font-weight: 400;\">(Vereins-Bus)<\/span><\/li>\n<li><b>Trikotwerbung<\/b><span style=\"font-weight: 400;\"> (im Jugendbereich und Seniorenbereich)<\/span><\/li>\n<li><b>Ballspende <\/b><span style=\"font-weight: 400;\">(zu den Heimspielen unserer 1. Mannschaft)<\/span><\/li>\n<li><b>F\u00f6rderkreis Sport<\/b><\/li>\n<\/ul>\n<p><b>Ihr Ansprechpartner<\/b><br \/>\nOppenauer Fu\u00dfballwerbung GbR<br \/>\nMarc B\u00f6rsig<br \/>\nFarnweg 24<br \/>\n77728 Oppenau<br \/>\n<a href=\"mailto:boersigmarc@gmail.com\">boersigmarc@gmail.com<\/a><\/p>\n<h3><span style=\"font-weight: 400;\">Allgemeine Informationen<\/span><\/h3>\n<p><a href=\"https:\/\/i0.wp.com\/www.tus-oppenau.de\/fussball\/wp-content\/uploads\/2020\/12\/jugend.jpg?ssl=1\"><img data-recalc-dims=\"1\" loading=\"lazy\" decoding=\"async\" class=\"aligncenter size-medium wp-image-7662\" src=\"https:\/\/i0.wp.com\/www.tus-oppenau.de\/fussball\/wp-content\/uploads\/2020\/12\/jugend.jpg?resize=474%2C182&#038;ssl=1\" alt=\"\" width=\"474\" height=\"182\" srcset=\"https:\/\/i0.wp.com\/www.tus-oppenau.de\/fussball\/wp-content\/uploads\/2020\/12\/jugend.jpg?resize=673%2C258&amp;ssl=1 673w, https:\/\/i0.wp.com\/www.tus-oppenau.de\/fussball\/wp-content\/uploads\/2020\/12\/jugend.jpg?resize=300%2C115&amp;ssl=1 300w, https:\/\/i0.wp.com\/www.tus-oppenau.de\/fussball\/wp-content\/uploads\/2020\/12\/jugend.jpg?resize=1260%2C483&amp;ssl=1 1260w, https:\/\/i0.wp.com\/www.tus-oppenau.de\/fussball\/wp-content\/uploads\/2020\/12\/jugend.jpg?resize=150%2C58&amp;ssl=1 150w, https:\/\/i0.wp.com\/www.tus-oppenau.de\/fussball\/wp-content\/uploads\/2020\/12\/jugend.jpg?resize=768%2C295&amp;ssl=1 768w, https:\/\/i0.wp.com\/www.tus-oppenau.de\/fussball\/wp-content\/uploads\/2020\/12\/jugend.jpg?resize=1536%2C589&amp;ssl=1 1536w, https:\/\/i0.wp.com\/www.tus-oppenau.de\/fussball\/wp-content\/uploads\/2020\/12\/jugend.jpg?w=1997&amp;ssl=1 1997w, https:\/\/i0.wp.com\/www.tus-oppenau.de\/fussball\/wp-content\/uploads\/2020\/12\/jugend.jpg?w=948&amp;ssl=1 948w, https:\/\/i0.wp.com\/www.tus-oppenau.de\/fussball\/wp-content\/uploads\/2020\/12\/jugend.jpg?w=1422&amp;ssl=1 1422w\" sizes=\"auto, (max-width: 474px) 100vw, 474px\" \/><\/a><\/p>\n<p><span style=\"font-weight: 400;\">Die Abteilung Fu\u00dfball des TuS Oppenau z\u00e4hlt ca. 440 Vereinsmitglieder.\u00a0<\/span><span style=\"font-weight: 400;\">Sportlich agieren wir in der Landesliga Staffel 1 sowie der Kreisliga B und C.<br \/>\n<\/span><span style=\"font-weight: 400;\">Einen hohen Stellenwert hat seit Jahren die <\/span><b>Jugendarbeit<\/b><span style=\"font-weight: 400;\"> beim TuS Oppenau.<br \/>\n<\/span><span style=\"font-weight: 400;\">In 12 Jugendmannschaften werden knapp 200 Jugendspieler- und Spielerinnen im Alter von 3-18 Jahren durch 34 ehrenamtliche Trainer und Trainerinnen betreut und gef\u00f6rdert.<\/span><\/p>\n<p><span style=\"font-weight: 400;\">Das Sportgel\u00e4nde des TuS Oppenau mit einem verl\u00e4ngerten Naturrasen, einem Kunstrasenplatz mit Flutlichtanlage, dem\u00a0 Kinderspielplatz\u00a0 sowie dem Sportheim Haldenhof-Treff\u00a0 ist <\/span><b>direkt an den B28 gelegen <\/b><span style=\"font-weight: 400;\">und z\u00e4hlt sicherlich zu den sch\u00f6nsten Sportanlagen in der Ortenau . Die Pflege und Instandhaltung erfolgt durch den Verein in Eigenregie. <\/span><span style=\"font-weight: 400;\">Komplettiert wird die Anlage seit 2017 durch die Leichtathletikanlage der Turnabteilung.<\/span><\/p>\n<h3><span style=\"font-weight: 400;\">Impressionen aus dem Vereinsleben<\/span><\/h3>\n<p><a href=\"https:\/\/i0.wp.com\/www.tus-oppenau.de\/fussball\/wp-content\/uploads\/2020\/12\/Bild1.jpg?ssl=1\"><img data-recalc-dims=\"1\" loading=\"lazy\" decoding=\"async\" class=\"wp-image-7647 alignleft\" src=\"https:\/\/i0.wp.com\/www.tus-oppenau.de\/fussball\/wp-content\/uploads\/2020\/12\/Bild1.jpg?resize=474%2C316&#038;ssl=1\" alt=\"\" width=\"474\" height=\"316\" srcset=\"https:\/\/i0.wp.com\/www.tus-oppenau.de\/fussball\/wp-content\/uploads\/2020\/12\/Bild1.jpg?resize=673%2C450&amp;ssl=1 673w, https:\/\/i0.wp.com\/www.tus-oppenau.de\/fussball\/wp-content\/uploads\/2020\/12\/Bild1.jpg?resize=300%2C200&amp;ssl=1 300w, https:\/\/i0.wp.com\/www.tus-oppenau.de\/fussball\/wp-content\/uploads\/2020\/12\/Bild1.jpg?resize=150%2C100&amp;ssl=1 150w, https:\/\/i0.wp.com\/www.tus-oppenau.de\/fussball\/wp-content\/uploads\/2020\/12\/Bild1.jpg?w=720&amp;ssl=1 720w\" sizes=\"auto, (max-width: 474px) 100vw, 474px\" \/><\/a><\/p>\n<p>&nbsp;<\/p>\n<p>&nbsp;<\/p>\n<p>&nbsp;<\/p>\n<p>&nbsp;<\/p>\n<p>&nbsp;<\/p>\n<p>&nbsp;<\/p>\n<p><a href=\"https:\/\/i0.wp.com\/www.tus-oppenau.de\/fussball\/wp-content\/uploads\/2020\/12\/Bild2.jpg?ssl=1\"><img data-recalc-dims=\"1\" loading=\"lazy\" decoding=\"async\" class=\"wp-image-7648 alignnone\" src=\"https:\/\/i0.wp.com\/www.tus-oppenau.de\/fussball\/wp-content\/uploads\/2020\/12\/Bild2.jpg?resize=474%2C266&#038;ssl=1\" alt=\"\" width=\"474\" height=\"266\" srcset=\"https:\/\/i0.wp.com\/www.tus-oppenau.de\/fussball\/wp-content\/uploads\/2020\/12\/Bild2.jpg?resize=673%2C376&amp;ssl=1 673w, https:\/\/i0.wp.com\/www.tus-oppenau.de\/fussball\/wp-content\/uploads\/2020\/12\/Bild2.jpg?resize=300%2C168&amp;ssl=1 300w, https:\/\/i0.wp.com\/www.tus-oppenau.de\/fussball\/wp-content\/uploads\/2020\/12\/Bild2.jpg?resize=150%2C84&amp;ssl=1 150w, https:\/\/i0.wp.com\/www.tus-oppenau.de\/fussball\/wp-content\/uploads\/2020\/12\/Bild2.jpg?resize=768%2C429&amp;ssl=1 768w, https:\/\/i0.wp.com\/www.tus-oppenau.de\/fussball\/wp-content\/uploads\/2020\/12\/Bild2.jpg?w=870&amp;ssl=1 870w\" sizes=\"auto, (max-width: 474px) 100vw, 474px\" \/><\/a><a href=\"https:\/\/i0.wp.com\/www.tus-oppenau.de\/fussball\/wp-content\/uploads\/2020\/12\/Bild3.jpg?ssl=1\"><img data-recalc-dims=\"1\" loading=\"lazy\" decoding=\"async\" class=\"wp-image-7649 alignleft\" src=\"https:\/\/i0.wp.com\/www.tus-oppenau.de\/fussball\/wp-content\/uploads\/2020\/12\/Bild3.jpg?resize=474%2C354&#038;ssl=1\" alt=\"\" width=\"474\" height=\"354\" srcset=\"https:\/\/i0.wp.com\/www.tus-oppenau.de\/fussball\/wp-content\/uploads\/2020\/12\/Bild3.jpg?w=649&amp;ssl=1 649w, https:\/\/i0.wp.com\/www.tus-oppenau.de\/fussball\/wp-content\/uploads\/2020\/12\/Bild3.jpg?resize=300%2C224&amp;ssl=1 300w, https:\/\/i0.wp.com\/www.tus-oppenau.de\/fussball\/wp-content\/uploads\/2020\/12\/Bild3.jpg?resize=150%2C112&amp;ssl=1 150w\" sizes=\"auto, (max-width: 474px) 100vw, 474px\" \/><\/a><\/p>\n<p><a href=\"https:\/\/i0.wp.com\/www.tus-oppenau.de\/fussball\/wp-content\/uploads\/2020\/12\/Bild4.jpg?ssl=1\"><img data-recalc-dims=\"1\" loading=\"lazy\" decoding=\"async\" class=\"wp-image-7650 alignleft\" src=\"https:\/\/i0.wp.com\/www.tus-oppenau.de\/fussball\/wp-content\/uploads\/2020\/12\/Bild4.jpg?resize=474%2C347&#038;ssl=1\" alt=\"\" width=\"474\" height=\"347\" srcset=\"https:\/\/i0.wp.com\/www.tus-oppenau.de\/fussball\/wp-content\/uploads\/2020\/12\/Bild4.jpg?w=663&amp;ssl=1 663w, https:\/\/i0.wp.com\/www.tus-oppenau.de\/fussball\/wp-content\/uploads\/2020\/12\/Bild4.jpg?resize=300%2C220&amp;ssl=1 300w, https:\/\/i0.wp.com\/www.tus-oppenau.de\/fussball\/wp-content\/uploads\/2020\/12\/Bild4.jpg?resize=150%2C110&amp;ssl=1 150w\" sizes=\"auto, (max-width: 474px) 100vw, 474px\" \/><\/a><\/p>\n<p><a href=\"https:\/\/i0.wp.com\/www.tus-oppenau.de\/fussball\/wp-content\/uploads\/2020\/12\/Bild6.jpg?ssl=1\"><img data-recalc-dims=\"1\" loading=\"lazy\" decoding=\"async\" class=\"wp-image-7652 alignleft\" src=\"https:\/\/i0.wp.com\/www.tus-oppenau.de\/fussball\/wp-content\/uploads\/2020\/12\/Bild6.jpg?resize=474%2C356&#038;ssl=1\" alt=\"\" width=\"474\" height=\"356\" srcset=\"https:\/\/i0.wp.com\/www.tus-oppenau.de\/fussball\/wp-content\/uploads\/2020\/12\/Bild6.jpg?w=649&amp;ssl=1 649w, https:\/\/i0.wp.com\/www.tus-oppenau.de\/fussball\/wp-content\/uploads\/2020\/12\/Bild6.jpg?resize=300%2C225&amp;ssl=1 300w, https:\/\/i0.wp.com\/www.tus-oppenau.de\/fussball\/wp-content\/uploads\/2020\/12\/Bild6.jpg?resize=150%2C113&amp;ssl=1 150w\" sizes=\"auto, (max-width: 474px) 100vw, 474px\" \/><\/a><\/p>\n<h3><\/h3>\n<h3>Bandenwerbung<\/h3>\n<p><b>Werbefl\u00e4che<\/b><span style=\"font-weight: 400;\"> mit Meshbanner am Kunstrasenplatz<\/span><\/p>\n<figure id=\"attachment_7654\" aria-describedby=\"caption-attachment-7654\" style=\"width: 673px\" class=\"wp-caption aligncenter\"><a href=\"https:\/\/i0.wp.com\/www.tus-oppenau.de\/fussball\/wp-content\/uploads\/2020\/12\/Bild7.jpg?ssl=1\"><img data-recalc-dims=\"1\" loading=\"lazy\" decoding=\"async\" class=\"wp-image-7654 size-medium\" src=\"https:\/\/i0.wp.com\/www.tus-oppenau.de\/fussball\/wp-content\/uploads\/2020\/12\/Bild7.jpg?resize=474%2C104&#038;ssl=1\" alt=\"\" width=\"474\" height=\"104\" srcset=\"https:\/\/i0.wp.com\/www.tus-oppenau.de\/fussball\/wp-content\/uploads\/2020\/12\/Bild7.jpg?resize=673%2C147&amp;ssl=1 673w, https:\/\/i0.wp.com\/www.tus-oppenau.de\/fussball\/wp-content\/uploads\/2020\/12\/Bild7.jpg?resize=300%2C66&amp;ssl=1 300w, https:\/\/i0.wp.com\/www.tus-oppenau.de\/fussball\/wp-content\/uploads\/2020\/12\/Bild7.jpg?resize=1260%2C276&amp;ssl=1 1260w, https:\/\/i0.wp.com\/www.tus-oppenau.de\/fussball\/wp-content\/uploads\/2020\/12\/Bild7.jpg?resize=150%2C33&amp;ssl=1 150w, https:\/\/i0.wp.com\/www.tus-oppenau.de\/fussball\/wp-content\/uploads\/2020\/12\/Bild7.jpg?resize=768%2C168&amp;ssl=1 768w, https:\/\/i0.wp.com\/www.tus-oppenau.de\/fussball\/wp-content\/uploads\/2020\/12\/Bild7.jpg?resize=1536%2C336&amp;ssl=1 1536w, https:\/\/i0.wp.com\/www.tus-oppenau.de\/fussball\/wp-content\/uploads\/2020\/12\/Bild7.jpg?resize=2048%2C449&amp;ssl=1 2048w, https:\/\/i0.wp.com\/www.tus-oppenau.de\/fussball\/wp-content\/uploads\/2020\/12\/Bild7.jpg?w=948&amp;ssl=1 948w, https:\/\/i0.wp.com\/www.tus-oppenau.de\/fussball\/wp-content\/uploads\/2020\/12\/Bild7.jpg?w=1422&amp;ssl=1 1422w\" sizes=\"auto, (max-width: 474px) 100vw, 474px\" \/><\/a><figcaption id=\"caption-attachment-7654\" class=\"wp-caption-text\">Am Ballfangzaun angebrachte winddurchl\u00e4ssige Meshbanner mit einer H\u00f6he von 1,3 m und Breiten von 3m, 6m oder 9 m bieten eine ideale Werbefl\u00e4che und fallen durch ihre massive Pr\u00e4senz sowohl f\u00fcr Besucher sowie in der Presse auf.<\/figcaption><\/figure>\n<p><b>Werbefl\u00e4che<\/b><span style=\"font-weight: 400;\"> am Naturrasenplatz<\/span><\/p>\n<figure id=\"attachment_7687\" aria-describedby=\"caption-attachment-7687\" style=\"width: 670px\" class=\"wp-caption aligncenter\"><a href=\"https:\/\/i0.wp.com\/www.tus-oppenau.de\/fussball\/wp-content\/uploads\/2020\/12\/Bild9.jpg?ssl=1\"><img data-recalc-dims=\"1\" loading=\"lazy\" decoding=\"async\" class=\"wp-image-7687 size-full\" src=\"https:\/\/i0.wp.com\/www.tus-oppenau.de\/fussball\/wp-content\/uploads\/2020\/12\/Bild9.jpg?resize=474%2C174&#038;ssl=1\" alt=\"\" width=\"474\" height=\"174\" srcset=\"https:\/\/i0.wp.com\/www.tus-oppenau.de\/fussball\/wp-content\/uploads\/2020\/12\/Bild9.jpg?w=670&amp;ssl=1 670w, https:\/\/i0.wp.com\/www.tus-oppenau.de\/fussball\/wp-content\/uploads\/2020\/12\/Bild9.jpg?resize=300%2C110&amp;ssl=1 300w, https:\/\/i0.wp.com\/www.tus-oppenau.de\/fussball\/wp-content\/uploads\/2020\/12\/Bild9.jpg?resize=150%2C55&amp;ssl=1 150w\" sizes=\"auto, (max-width: 474px) 100vw, 474px\" \/><\/a><figcaption id=\"caption-attachment-7687\" class=\"wp-caption-text\">Am Gel\u00e4nder angebrachte Werbetafeln mit einer H\u00f6he von 0,75 m und Breiten von 3m und 6m umrahmen den Naturrasenplatz, sind eine gute\u00a0 Werbefl\u00e4che und fallen sowohl f\u00fcr Besucher und in der Presse auf.<\/figcaption><\/figure>\n<p>&nbsp;<\/p>\n<h3><b>Anzeigenwerbung <\/b><\/h3>\n<p>im Stadionheft \u201eHaldenhof aktuell\u201c oder Heimspielplakat<\/p>\n<p><a href=\"https:\/\/i0.wp.com\/www.tus-oppenau.de\/fussball\/wp-content\/uploads\/2020\/12\/anzeigen.png?ssl=1\"><img data-recalc-dims=\"1\" loading=\"lazy\" decoding=\"async\" class=\"aligncenter size-medium wp-image-7690\" src=\"https:\/\/i0.wp.com\/www.tus-oppenau.de\/fussball\/wp-content\/uploads\/2020\/12\/anzeigen.png?resize=474%2C167&#038;ssl=1\" alt=\"\" width=\"474\" height=\"167\" srcset=\"https:\/\/i0.wp.com\/www.tus-oppenau.de\/fussball\/wp-content\/uploads\/2020\/12\/anzeigen.png?resize=673%2C237&amp;ssl=1 673w, https:\/\/i0.wp.com\/www.tus-oppenau.de\/fussball\/wp-content\/uploads\/2020\/12\/anzeigen.png?resize=300%2C106&amp;ssl=1 300w, https:\/\/i0.wp.com\/www.tus-oppenau.de\/fussball\/wp-content\/uploads\/2020\/12\/anzeigen.png?resize=1260%2C443&amp;ssl=1 1260w, https:\/\/i0.wp.com\/www.tus-oppenau.de\/fussball\/wp-content\/uploads\/2020\/12\/anzeigen.png?resize=150%2C53&amp;ssl=1 150w, https:\/\/i0.wp.com\/www.tus-oppenau.de\/fussball\/wp-content\/uploads\/2020\/12\/anzeigen.png?resize=768%2C270&amp;ssl=1 768w, https:\/\/i0.wp.com\/www.tus-oppenau.de\/fussball\/wp-content\/uploads\/2020\/12\/anzeigen.png?w=1268&amp;ssl=1 1268w, https:\/\/i0.wp.com\/www.tus-oppenau.de\/fussball\/wp-content\/uploads\/2020\/12\/anzeigen.png?w=948&amp;ssl=1 948w\" sizes=\"auto, (max-width: 474px) 100vw, 474px\" \/><\/a><\/p>\n<p>Das bei jedem Heimspiel erscheinende \u201eHaldenhof aktuell\u201c im DIN A5-Format bietet ihnen optimale Werbe-M\u00f6glichkeiten in Verbindung mit aktuellen Informationen zum TuS Oppenau. Zu jedem Heimspiel erscheint ein Spielplakat welches in Oppenau an exponierten Stellen werbewirksam ausgeh\u00e4ngt wird.<\/p>\n<h3><b>Buswerbung<\/b><\/h3>\n<p><b>Werbefl\u00e4che<\/b> am vereinseigenen Bus<a href=\"https:\/\/i0.wp.com\/www.tus-oppenau.de\/fussball\/wp-content\/uploads\/2020\/12\/bus.png?ssl=1\"><img data-recalc-dims=\"1\" loading=\"lazy\" decoding=\"async\" class=\"aligncenter size-medium wp-image-7693\" src=\"https:\/\/i0.wp.com\/www.tus-oppenau.de\/fussball\/wp-content\/uploads\/2020\/12\/bus.png?resize=474%2C179&#038;ssl=1\" alt=\"\" width=\"474\" height=\"179\" srcset=\"https:\/\/i0.wp.com\/www.tus-oppenau.de\/fussball\/wp-content\/uploads\/2020\/12\/bus.png?resize=673%2C254&amp;ssl=1 673w, https:\/\/i0.wp.com\/www.tus-oppenau.de\/fussball\/wp-content\/uploads\/2020\/12\/bus.png?resize=300%2C113&amp;ssl=1 300w, https:\/\/i0.wp.com\/www.tus-oppenau.de\/fussball\/wp-content\/uploads\/2020\/12\/bus.png?resize=150%2C57&amp;ssl=1 150w, https:\/\/i0.wp.com\/www.tus-oppenau.de\/fussball\/wp-content\/uploads\/2020\/12\/bus.png?resize=768%2C290&amp;ssl=1 768w, https:\/\/i0.wp.com\/www.tus-oppenau.de\/fussball\/wp-content\/uploads\/2020\/12\/bus.png?w=837&amp;ssl=1 837w\" sizes=\"auto, (max-width: 474px) 100vw, 474px\" \/><\/a><\/p>\n<p>Der mit einer optisch attraktiven Folierung beklebte Vereins-Bus wird \u00fcberwiegend von den Jugend-Mannschaften f\u00fcr Fahrten zu den Trainingsorten sowie den Ausw\u00e4rtsspielen eingesetzt und ist ein \u201eEye-Catcher\u201c auf den Stra\u00dfen \u2013 nicht nur in der Ortenau.\u00a0 Es stehen Werbefl\u00e4chen in zwei Gr\u00f6\u00dfen zur Verf\u00fcgung.<\/p>\n<h3><b>Trikotwerbung<\/b><\/h3>\n<p><b>Textilwerbung <\/b>im Jugendbereich und Seniorenbereich<\/p>\n<p><a href=\"https:\/\/i0.wp.com\/www.tus-oppenau.de\/fussball\/wp-content\/uploads\/2020\/12\/trikot.png?ssl=1\"><img data-recalc-dims=\"1\" loading=\"lazy\" decoding=\"async\" class=\"aligncenter size-medium wp-image-7695\" src=\"https:\/\/i0.wp.com\/www.tus-oppenau.de\/fussball\/wp-content\/uploads\/2020\/12\/trikot.png?resize=474%2C151&#038;ssl=1\" alt=\"\" width=\"474\" height=\"151\" srcset=\"https:\/\/i0.wp.com\/www.tus-oppenau.de\/fussball\/wp-content\/uploads\/2020\/12\/trikot.png?resize=673%2C215&amp;ssl=1 673w, https:\/\/i0.wp.com\/www.tus-oppenau.de\/fussball\/wp-content\/uploads\/2020\/12\/trikot.png?resize=300%2C96&amp;ssl=1 300w, https:\/\/i0.wp.com\/www.tus-oppenau.de\/fussball\/wp-content\/uploads\/2020\/12\/trikot.png?resize=150%2C48&amp;ssl=1 150w, https:\/\/i0.wp.com\/www.tus-oppenau.de\/fussball\/wp-content\/uploads\/2020\/12\/trikot.png?resize=768%2C246&amp;ssl=1 768w, https:\/\/i0.wp.com\/www.tus-oppenau.de\/fussball\/wp-content\/uploads\/2020\/12\/trikot.png?w=1176&amp;ssl=1 1176w, https:\/\/i0.wp.com\/www.tus-oppenau.de\/fussball\/wp-content\/uploads\/2020\/12\/trikot.png?w=948&amp;ssl=1 948w\" sizes=\"auto, (max-width: 474px) 100vw, 474px\" \/><\/a><\/p>\n<p>Mit Ihrer Werbung auf der Brust der Jugend- oder Senioren-Mannschaften zeigen Sie den Zuschauern Ihre Verbundenheit zum TuS Oppenau. Ver\u00f6ffentlichungen von Fotos in der Presse, TuS-Homepage und den sozialen Netzwerken steigern die Pr\u00e4senz der Werbung auch abseits des Fu\u00dfballfeldes.<\/p>\n<h3><b>Ballspende<\/b><\/h3>\n<p><a href=\"https:\/\/i0.wp.com\/www.tus-oppenau.de\/fussball\/wp-content\/uploads\/2020\/12\/Bild12.jpg?ssl=1\"><img data-recalc-dims=\"1\" loading=\"lazy\" decoding=\"async\" class=\"wp-image-7696 alignleft\" src=\"https:\/\/i0.wp.com\/www.tus-oppenau.de\/fussball\/wp-content\/uploads\/2020\/12\/Bild12.jpg?resize=217%2C217&#038;ssl=1\" alt=\"\" width=\"217\" height=\"217\" srcset=\"https:\/\/i0.wp.com\/www.tus-oppenau.de\/fussball\/wp-content\/uploads\/2020\/12\/Bild12.jpg?w=450&amp;ssl=1 450w, https:\/\/i0.wp.com\/www.tus-oppenau.de\/fussball\/wp-content\/uploads\/2020\/12\/Bild12.jpg?resize=150%2C150&amp;ssl=1 150w, https:\/\/i0.wp.com\/www.tus-oppenau.de\/fussball\/wp-content\/uploads\/2020\/12\/Bild12.jpg?resize=100%2C100&amp;ssl=1 100w, https:\/\/i0.wp.com\/www.tus-oppenau.de\/fussball\/wp-content\/uploads\/2020\/12\/Bild12.jpg?resize=300%2C300&amp;ssl=1 300w, https:\/\/i0.wp.com\/www.tus-oppenau.de\/fussball\/wp-content\/uploads\/2020\/12\/Bild12.jpg?resize=50%2C50&amp;ssl=1 50w\" sizes=\"auto, (max-width: 217px) 100vw, 217px\" \/><\/a><\/p>\n<p>Zu jedem Heimspiel des TuS Oppenau besteht die M\u00f6glichkeit den Spielball f\u00fcr das Spiel der 1. Mannschaft zu stiften. Der Spender wird unmittelbar vor der Partie \u00fcber unsere Stadionanlage sowie im \u201eHaldenhof aktuell\u201c bekannt gegeben.<\/p>\n<h3><\/h3>\n<h3><b>F\u00f6rderkreis Sport<\/b><\/h3>\n<p><a href=\"https:\/\/i0.wp.com\/www.tus-oppenau.de\/fussball\/wp-content\/uploads\/2020\/12\/Bild13.jpg?ssl=1\"><img data-recalc-dims=\"1\" loading=\"lazy\" decoding=\"async\" class=\"wp-image-7697 alignleft\" src=\"https:\/\/i0.wp.com\/www.tus-oppenau.de\/fussball\/wp-content\/uploads\/2020\/12\/Bild13.jpg?resize=235%2C192&#038;ssl=1\" alt=\"\" width=\"235\" height=\"192\" srcset=\"https:\/\/i0.wp.com\/www.tus-oppenau.de\/fussball\/wp-content\/uploads\/2020\/12\/Bild13.jpg?w=596&amp;ssl=1 596w, https:\/\/i0.wp.com\/www.tus-oppenau.de\/fussball\/wp-content\/uploads\/2020\/12\/Bild13.jpg?resize=300%2C245&amp;ssl=1 300w, https:\/\/i0.wp.com\/www.tus-oppenau.de\/fussball\/wp-content\/uploads\/2020\/12\/Bild13.jpg?resize=150%2C122&amp;ssl=1 150w\" sizes=\"auto, (max-width: 235px) 100vw, 235px\" \/><\/a><\/p>\n<p>Unterst\u00fctzen Sie uns mit einer einmaligen Spende, oder noch besser, mit einem j\u00e4hrlichen Beitrag. Wir versichern Ihnen, dass Ihre Zuwendung sinnvoll im gesamten sportlichen Bereich der Jugend- und Seniorenmannschaften eingesetzt wird. Eine Spendenbescheinigung geht Ihnen nat\u00fcrlich zu.<\/p>\n<p>&nbsp;<\/p>\n","protected":false},"excerpt":{"rendered":"<p>Was bietet der TuS Oppenau f\u00fcr Sie als Sponsor ? Anerkannt positives Image eines Vereins mit einer ausgezeichneten Jugendarbeit Aufmerksamkeit des Vereins in der Presse \u2013 durch die Landesliga mit \u00fcberregionaler Berichterstattung Eine der sch\u00f6nsten Sportanlagen in der Ortenau \u2013 direkt an der B28 gelegen Eine ausgezeichnete Werbeplattform als Gegenleistung f\u00fcr Ihre finanzielle Unterst\u00fctzung Freier &hellip; <a href=\"https:\/\/www.tus-oppenau.de\/fussball\/sponsoring\/\" class=\"more-link\"><span class=\"screen-reader-text\">Sponsoring<\/span> weiterlesen <span class=\"meta-nav\">&rarr;<\/span><\/a><\/p>\n","protected":false},"author":93,"featured_media":0,"parent":0,"menu_order":0,"comment_status":"closed","ping_status":"closed","template":"page-templates\/full-width.php","meta":{"footnotes":""},"class_list":["post-7645","page","type-page","status-publish","hentry"],"jetpack_sharing_enabled":true,"jetpack_likes_enabled":true,"_links":{"self":[{"href":"https:\/\/www.tus-oppenau.de\/fussball\/wp-json\/wp\/v2\/pages\/7645","targetHints":{"allow":["GET"]}}],"collection":[{"href":"https:\/\/www.tus-oppenau.de\/fussball\/wp-json\/wp\/v2\/pages"}],"about":[{"href":"https:\/\/www.tus-oppenau.de\/fussball\/wp-json\/wp\/v2\/types\/page"}],"author":[{"embeddable":true,"href":"https:\/\/www.tus-oppenau.de\/fussball\/wp-json\/wp\/v2\/users\/93"}],"replies":[{"embeddable":true,"href":"https:\/\/www.tus-oppenau.de\/fussball\/wp-json\/wp\/v2\/comments?post=7645"}],"version-history":[{"count":25,"href":"https:\/\/www.tus-oppenau.de\/fussball\/wp-json\/wp\/v2\/pages\/7645\/revisions"}],"predecessor-version":[{"id":8185,"href":"https:\/\/www.tus-oppenau.de\/fussball\/wp-json\/wp\/v2\/pages\/7645\/revisions\/8185"}],"wp:attachment":[{"href":"https:\/\/www.tus-oppenau.de\/fussball\/wp-json\/wp\/v2\/media?parent=7645"}],"curies":[{"name":"wp","href":"https:\/\/api.w.org\/{rel}","templated":true}]}}