{"id":892,"date":"2014-08-14T17:35:10","date_gmt":"2014-08-14T15:35:10","guid":{"rendered":"http:\/\/www.tus-oppenau.de\/fussball\/?page_id=892"},"modified":"2025-10-06T22:07:46","modified_gmt":"2025-10-06T20:07:46","slug":"senioren","status":"publish","type":"page","link":"https:\/\/www.tus-oppenau.de\/fussball\/senioren\/","title":{"rendered":"Senioren"},"content":{"rendered":"<h1>Spielerkader der 1. Mannschaft<\/h1>\n<p><a href=\"https:\/\/i0.wp.com\/www.tus-oppenau.de\/fussball\/wp-content\/uploads\/2025\/08\/IMG_5924-scaled.jpg?ssl=1\"><img data-recalc-dims=\"1\" loading=\"lazy\" decoding=\"async\" class=\"alignnone wp-image-12263 size-full\" src=\"https:\/\/i0.wp.com\/www.tus-oppenau.de\/fussball\/wp-content\/uploads\/2025\/08\/IMG_5924-scaled.jpg?resize=474%2C316&#038;ssl=1\" alt=\"\" width=\"474\" height=\"316\" srcset=\"https:\/\/i0.wp.com\/www.tus-oppenau.de\/fussball\/wp-content\/uploads\/2025\/08\/IMG_5924-scaled.jpg?w=2560&amp;ssl=1 2560w, https:\/\/i0.wp.com\/www.tus-oppenau.de\/fussball\/wp-content\/uploads\/2025\/08\/IMG_5924-scaled.jpg?resize=673%2C449&amp;ssl=1 673w, https:\/\/i0.wp.com\/www.tus-oppenau.de\/fussball\/wp-content\/uploads\/2025\/08\/IMG_5924-scaled.jpg?resize=1260%2C840&amp;ssl=1 1260w, https:\/\/i0.wp.com\/www.tus-oppenau.de\/fussball\/wp-content\/uploads\/2025\/08\/IMG_5924-scaled.jpg?resize=150%2C100&amp;ssl=1 150w, https:\/\/i0.wp.com\/www.tus-oppenau.de\/fussball\/wp-content\/uploads\/2025\/08\/IMG_5924-scaled.jpg?resize=768%2C512&amp;ssl=1 768w, https:\/\/i0.wp.com\/www.tus-oppenau.de\/fussball\/wp-content\/uploads\/2025\/08\/IMG_5924-scaled.jpg?resize=1536%2C1024&amp;ssl=1 1536w, https:\/\/i0.wp.com\/www.tus-oppenau.de\/fussball\/wp-content\/uploads\/2025\/08\/IMG_5924-scaled.jpg?resize=2048%2C1365&amp;ssl=1 2048w, https:\/\/i0.wp.com\/www.tus-oppenau.de\/fussball\/wp-content\/uploads\/2025\/08\/IMG_5924-scaled.jpg?w=948&amp;ssl=1 948w, https:\/\/i0.wp.com\/www.tus-oppenau.de\/fussball\/wp-content\/uploads\/2025\/08\/IMG_5924-scaled.jpg?w=1422&amp;ssl=1 1422w\" sizes=\"auto, (max-width: 474px) 100vw, 474px\" \/><\/a><\/p>\n<p>Beitr\u00e4ge<\/p>\n\n\n<div class=\"su-posts su-posts-default-loop \">\n\n\t\n\t\t\t\t\t\n\t\t\t\n\t\t\t<div id=\"su-post-13167\" class=\"su-post \">\n\n\t\t\t\t\n\t\t\t\t<h2 class=\"su-post-title\"><a href=\"https:\/\/www.tus-oppenau.de\/fussball\/2026\/04\/bilder-vom-auswrtsspiel-in-zell\/\">Bilder vom Ausw&auml;rtsspiel in Zell<\/a><\/h2>\n\n\t\t\t\t<div class=\"su-post-meta\">\n\t\t\t\t\tVer\u00f6ffentlicht: 6. April 2026\t\t\t\t<\/div>\n\n\t\t\t\t<div class=\"su-post-excerpt\">\n\t\t\t\t\t<p>Samstag, 04.04.2026Zeller FV I &#8211; TuS Oppenau&nbsp; I&nbsp; 2:4 (1:1) Vielen Dank an Chiara Torzi f\u00fcr die Bilder vom Ausw\u00e4rtsspiel gegen den Zeller FV.<\/p>\n\t\t\t\t<\/div>\n\n\t\t\t\t\n\t\t\t<\/div>\n\n\t\t\t\t\t\n\t\t\t\n\t\t\t<div id=\"su-post-13111\" class=\"su-post \">\n\n\t\t\t\t\n\t\t\t\t<h2 class=\"su-post-title\"><a href=\"https:\/\/www.tus-oppenau.de\/fussball\/2026\/03\/bilder-vom-heimspiel-gegen-den-sv-fautenbach\/\">Bilder vom Heimspiel gegen den Sv Fautenbach<\/a><\/h2>\n\n\t\t\t\t<div class=\"su-post-meta\">\n\t\t\t\t\tVer\u00f6ffentlicht: 31. M\u00e4rz 2026\t\t\t\t<\/div>\n\n\t\t\t\t<div class=\"su-post-excerpt\">\n\t\t\t\t\t<p>Sonntag, 29.03.2026TuS Oppenau&nbsp; I \u2013 SV Fautenbach I&nbsp; 1:3 (0:1) Vielen Dank an Chiara Torzi f\u00fcr die Bilder vom Heimspiel gegen den SV Fautenbach.<\/p>\n\t\t\t\t<\/div>\n\n\t\t\t\t\n\t\t\t<\/div>\n\n\t\t\t\t\t\n\t\t\t\n\t\t\t<div id=\"su-post-13079\" class=\"su-post \">\n\n\t\t\t\t\n\t\t\t\t<h2 class=\"su-post-title\"><a href=\"https:\/\/www.tus-oppenau.de\/fussball\/2026\/03\/tus-oppenau-unterliegt-dem-tabellenfhrer-aus-fautenbach\/\">Tus Oppenau unterliegt dem Tabellenf&uuml;hrer aus Fautenbach<\/a><\/h2>\n\n\t\t\t\t<div class=\"su-post-meta\">\n\t\t\t\t\tVer\u00f6ffentlicht: 31. M\u00e4rz 2026\t\t\t\t<\/div>\n\n\t\t\t\t<div class=\"su-post-excerpt\">\n\t\t\t\t\t<p>Trotz einer \u00fcber weite Strecken \u00fcberlegen gef\u00fchrten Begegnung musste sich der TuS Oppenau am Ende gegen den Tabellenf\u00fchrer aus Fautenbach geschlagen geben. Mangelnde Chancenverwertung des TuS und \u00e4u\u00dferst effektive G\u00e4ste waren am Ende spielentscheidend. Von Beginn an entwickelte sich auf dem Kunstrasenplatz ein flottes Spiel. Ein aussichtsreicher Schussversuch von der Strafraumkante durch Tobias Keller wurde &hellip; <a href=\"https:\/\/www.tus-oppenau.de\/fussball\/2026\/03\/tus-oppenau-unterliegt-dem-tabellenfhrer-aus-fautenbach\/\" class=\"more-link\"><span class=\"screen-reader-text\">Tus Oppenau unterliegt dem Tabellenf&uuml;hrer aus Fautenbach<\/span> weiterlesen <span class=\"meta-nav\">&rarr;<\/span><\/a><\/p>\n\t\t\t\t<\/div>\n\n\t\t\t\t\n\t\t\t<\/div>\n\n\t\t\n\t\n<\/div>\n\n<h1><b>Spielerkader der 2. und 3. Mannschaft<\/b><br \/>\n<\/h1>\n<p><img data-recalc-dims=\"1\" loading=\"lazy\" decoding=\"async\" src=\"https:\/\/i0.wp.com\/www.tus-oppenau.de\/fussball\/wp-content\/uploads\/2025\/10\/a7496001-e89b-4700-9115-0db5d491c9337314947760899325757.jpeg?resize=474%2C316&#038;ssl=1\" class=\"wp-image-12431 alignnone size-full\" width=\"474\" height=\"316\" srcset=\"https:\/\/i0.wp.com\/www.tus-oppenau.de\/fussball\/wp-content\/uploads\/2025\/10\/a7496001-e89b-4700-9115-0db5d491c9337314947760899325757.jpeg?w=1600&amp;ssl=1 1600w, https:\/\/i0.wp.com\/www.tus-oppenau.de\/fussball\/wp-content\/uploads\/2025\/10\/a7496001-e89b-4700-9115-0db5d491c9337314947760899325757.jpeg?resize=673%2C448&amp;ssl=1 673w, https:\/\/i0.wp.com\/www.tus-oppenau.de\/fussball\/wp-content\/uploads\/2025\/10\/a7496001-e89b-4700-9115-0db5d491c9337314947760899325757.jpeg?resize=1260%2C839&amp;ssl=1 1260w, https:\/\/i0.wp.com\/www.tus-oppenau.de\/fussball\/wp-content\/uploads\/2025\/10\/a7496001-e89b-4700-9115-0db5d491c9337314947760899325757.jpeg?resize=150%2C100&amp;ssl=1 150w, https:\/\/i0.wp.com\/www.tus-oppenau.de\/fussball\/wp-content\/uploads\/2025\/10\/a7496001-e89b-4700-9115-0db5d491c9337314947760899325757.jpeg?resize=768%2C512&amp;ssl=1 768w, https:\/\/i0.wp.com\/www.tus-oppenau.de\/fussball\/wp-content\/uploads\/2025\/10\/a7496001-e89b-4700-9115-0db5d491c9337314947760899325757.jpeg?resize=1536%2C1023&amp;ssl=1 1536w, https:\/\/i0.wp.com\/www.tus-oppenau.de\/fussball\/wp-content\/uploads\/2025\/10\/a7496001-e89b-4700-9115-0db5d491c9337314947760899325757.jpeg?w=948&amp;ssl=1 948w, https:\/\/i0.wp.com\/www.tus-oppenau.de\/fussball\/wp-content\/uploads\/2025\/10\/a7496001-e89b-4700-9115-0db5d491c9337314947760899325757.jpeg?w=1422&amp;ssl=1 1422w\" sizes=\"auto, (max-width: 474px) 100vw, 474px\" \/><\/p>\n\n\n<div class=\"su-posts su-posts-default-loop \">\n\n\t\n\t\t\t\t\t\n\t\t\t\n\t\t\t<div id=\"su-post-12135\" class=\"su-post \">\n\n\t\t\t\t\t\t\t\t\t<a class=\"su-post-thumbnail\" href=\"https:\/\/www.tus-oppenau.de\/fussball\/2025\/06\/frank-zimmermann-15-jahre-trainer-der-2-mannschaft\/\"><img loading=\"lazy\" decoding=\"async\" width=\"672\" height=\"372\" src=\"https:\/\/i0.wp.com\/www.tus-oppenau.de\/fussball\/wp-content\/uploads\/2025\/06\/zimbo_010.jpg?resize=672%2C372&amp;ssl=1\" class=\"attachment-post-thumbnail size-post-thumbnail wp-post-image\" alt=\"\" \/><\/a>\n\t\t\t\t\n\t\t\t\t<h2 class=\"su-post-title\"><a href=\"https:\/\/www.tus-oppenau.de\/fussball\/2025\/06\/frank-zimmermann-15-jahre-trainer-der-2-mannschaft\/\">Frank Zimmermann &#8211; 15 Jahre Trainer der 2. Mannschaft<\/a><\/h2>\n\n\t\t\t\t<div class=\"su-post-meta\">\n\t\t\t\t\tVer\u00f6ffentlicht: 3. Juni 2025\t\t\t\t<\/div>\n\n\t\t\t\t<div class=\"su-post-excerpt\">\n\t\t\t\t\t<p>Am vergangenen Sonntag sa\u00df Frank \u201eZimbo\u201c Zimmermann ein letztes Mal als Trainer der 2. Mannschaft auf der Trainerbank. Nach insgesamt 15 Jahren, ohne Unterbrechung, geht er bei der Reserve des TuS Oppenau von Bord. \u00a0\u00a0 In seiner Zeit als Traner wurden zwei Meisterschaften mit der 2. Mannschaft in der Kreisliga B sowie vier Meisterschaften mit &hellip; <a href=\"https:\/\/www.tus-oppenau.de\/fussball\/2025\/06\/frank-zimmermann-15-jahre-trainer-der-2-mannschaft\/\" class=\"more-link\"><span class=\"screen-reader-text\">Frank Zimmermann &#8211; 15 Jahre Trainer der 2. Mannschaft<\/span> weiterlesen <span class=\"meta-nav\">&rarr;<\/span><\/a><\/p>\n\t\t\t\t<\/div>\n\n\t\t\t\t\n\t\t\t<\/div>\n\n\t\t\t\t\t\n\t\t\t\n\t\t\t<div id=\"su-post-11541\" class=\"su-post \">\n\n\t\t\t\t\t\t\t\t\t<a class=\"su-post-thumbnail\" href=\"https:\/\/www.tus-oppenau.de\/fussball\/2024\/11\/tus-oppenau-besucht-kchenparty-am-dollenberg\/\"><img loading=\"lazy\" decoding=\"async\" width=\"672\" height=\"372\" src=\"https:\/\/i0.wp.com\/www.tus-oppenau.de\/fussball\/wp-content\/uploads\/2024\/11\/2_Kchenparty_Dollenberg_2024_11_12.jpg?resize=672%2C372&amp;ssl=1\" class=\"attachment-post-thumbnail size-post-thumbnail wp-post-image\" alt=\"\" \/><\/a>\n\t\t\t\t\n\t\t\t\t<h2 class=\"su-post-title\"><a href=\"https:\/\/www.tus-oppenau.de\/fussball\/2024\/11\/tus-oppenau-besucht-kchenparty-am-dollenberg\/\">TuS Oppenau besucht K&uuml;chenparty am Dollenberg<\/a><\/h2>\n\n\t\t\t\t<div class=\"su-post-meta\">\n\t\t\t\t\tVer\u00f6ffentlicht: 13. November 2024\t\t\t\t<\/div>\n\n\t\t\t\t<div class=\"su-post-excerpt\">\n\t\t\t\t\t<p>Eine willkommene Abwechslung zum Trainingsalltag hatten Spieler unserer Senioren-Mannschaften am Dienstagabend. Insgesamt 25 TuS\u00b4ler besuchten die legend\u00e4re K\u00fcchenparty des Hotel Dollenberg in Bad Peterstal \u2013 Griesbach mit 2-Sterne Koch Martin Herrmann welcher ein gro\u00dfer Fan des TuS Oppenau ist. Bei einer Vielzahl von k\u00f6stlichen Speisen und guten Weinen verbrachte man einen wundersch\u00f6nen und unterhaltsamen Abend. &hellip; <a href=\"https:\/\/www.tus-oppenau.de\/fussball\/2024\/11\/tus-oppenau-besucht-kchenparty-am-dollenberg\/\" class=\"more-link\"><span class=\"screen-reader-text\">TuS Oppenau besucht K&uuml;chenparty am Dollenberg<\/span> weiterlesen <span class=\"meta-nav\">&rarr;<\/span><\/a><\/p>\n\t\t\t\t<\/div>\n\n\t\t\t\t\n\t\t\t<\/div>\n\n\t\t\t\t\t\n\t\t\t\n\t\t\t<div id=\"su-post-11431\" class=\"su-post \">\n\n\t\t\t\t\n\t\t\t\t<h2 class=\"su-post-title\"><a href=\"https:\/\/www.tus-oppenau.de\/fussball\/2024\/10\/standesamtliche-trauung-von-liviu-tania\/\">Standesamtliche Trauung von Liviu &amp; Tania<\/a><\/h2>\n\n\t\t\t\t<div class=\"su-post-meta\">\n\t\t\t\t\tVer\u00f6ffentlicht: 26. Oktober 2024\t\t\t\t<\/div>\n\n\t\t\t\t<div class=\"su-post-excerpt\">\n\t\t\t\t\t<p>Der Co-Spielertrainer unserer 2. Mannschaft Liviu-Mihai Soaita &amp; seine Tania hatten heute im Rathaus der Stadt Oppenau die standesamtliche Trauung. Die Mannschaftskollegen lie\u00dfen es sich nicht nehmen den beiden nach der standesamtlichen Trauung Spalier zu stehen. Der TuS Oppenau gratuliert ganz herzlich und w\u00fcnscht den beiden alles Gute auf dem weiteren gemeinsamen Lebensweg.<\/p>\n\t\t\t\t<\/div>\n\n\t\t\t\t\n\t\t\t<\/div>\n\n\t\t\n\t\n<\/div>\n\n<h1>Die Schiedsrichter des TuS Oppenau<\/h1>\n<p><a href=\"https:\/\/i0.wp.com\/www.tus-oppenau.de\/fussball\/wp-content\/uploads\/2014\/08\/schiedsrichter-tus-oppenau-2_2000.jpg?ssl=1\"><img data-recalc-dims=\"1\" loading=\"lazy\" decoding=\"async\" class=\"alignnone size-medium wp-image-3543\" src=\"https:\/\/i0.wp.com\/www.tus-oppenau.de\/fussball\/wp-content\/uploads\/2014\/08\/schiedsrichter-tus-oppenau-2_2000.jpg?resize=474%2C423&#038;ssl=1\" alt=\"schiedsrichter-tus-oppenau-2_2000\" width=\"474\" height=\"423\" srcset=\"https:\/\/i0.wp.com\/www.tus-oppenau.de\/fussball\/wp-content\/uploads\/2014\/08\/schiedsrichter-tus-oppenau-2_2000-scaled.jpg?resize=673%2C601&amp;ssl=1 673w, https:\/\/i0.wp.com\/www.tus-oppenau.de\/fussball\/wp-content\/uploads\/2014\/08\/schiedsrichter-tus-oppenau-2_2000-scaled.jpg?resize=300%2C268&amp;ssl=1 300w, https:\/\/i0.wp.com\/www.tus-oppenau.de\/fussball\/wp-content\/uploads\/2014\/08\/schiedsrichter-tus-oppenau-2_2000-scaled.jpg?resize=150%2C134&amp;ssl=1 150w, https:\/\/i0.wp.com\/www.tus-oppenau.de\/fussball\/wp-content\/uploads\/2014\/08\/schiedsrichter-tus-oppenau-2_2000-scaled.jpg?resize=768%2C686&amp;ssl=1 768w, https:\/\/i0.wp.com\/www.tus-oppenau.de\/fussball\/wp-content\/uploads\/2014\/08\/schiedsrichter-tus-oppenau-2_2000-scaled.jpg?resize=1260%2C1125&amp;ssl=1 1260w, https:\/\/i0.wp.com\/www.tus-oppenau.de\/fussball\/wp-content\/uploads\/2014\/08\/schiedsrichter-tus-oppenau-2_2000-scaled.jpg?w=948&amp;ssl=1 948w, https:\/\/i0.wp.com\/www.tus-oppenau.de\/fussball\/wp-content\/uploads\/2014\/08\/schiedsrichter-tus-oppenau-2_2000-scaled.jpg?w=1422&amp;ssl=1 1422w\" sizes=\"auto, (max-width: 474px) 100vw, 474px\" \/><\/a><\/p>\n<p><strong>von links: <\/strong>Tim Huber, Marco Fleck, Gerd Krampfert und Michael Wiegele<\/p>\n","protected":false},"excerpt":{"rendered":"<p>Spielerkader der 1. Mannschaft Beitr\u00e4ge Spielerkader der 2. und 3. Mannschaft Die Schiedsrichter des TuS Oppenau von links: Tim Huber, Marco Fleck, Gerd Krampfert und Michael Wiegele<\/p>\n","protected":false},"author":1,"featured_media":1398,"parent":0,"menu_order":0,"comment_status":"closed","ping_status":"closed","template":"page-templates\/full-width.php","meta":{"footnotes":""},"class_list":["post-892","page","type-page","status-publish","has-post-thumbnail","hentry"],"jetpack_sharing_enabled":true,"jetpack_likes_enabled":true,"_links":{"self":[{"href":"https:\/\/www.tus-oppenau.de\/fussball\/wp-json\/wp\/v2\/pages\/892","targetHints":{"allow":["GET"]}}],"collection":[{"href":"https:\/\/www.tus-oppenau.de\/fussball\/wp-json\/wp\/v2\/pages"}],"about":[{"href":"https:\/\/www.tus-oppenau.de\/fussball\/wp-json\/wp\/v2\/types\/page"}],"author":[{"embeddable":true,"href":"https:\/\/www.tus-oppenau.de\/fussball\/wp-json\/wp\/v2\/users\/1"}],"replies":[{"embeddable":true,"href":"https:\/\/www.tus-oppenau.de\/fussball\/wp-json\/wp\/v2\/comments?post=892"}],"version-history":[{"count":38,"href":"https:\/\/www.tus-oppenau.de\/fussball\/wp-json\/wp\/v2\/pages\/892\/revisions"}],"predecessor-version":[{"id":12432,"href":"https:\/\/www.tus-oppenau.de\/fussball\/wp-json\/wp\/v2\/pages\/892\/revisions\/12432"}],"wp:featuredmedia":[{"embeddable":true,"href":"https:\/\/www.tus-oppenau.de\/fussball\/wp-json\/wp\/v2\/media\/1398"}],"wp:attachment":[{"href":"https:\/\/www.tus-oppenau.de\/fussball\/wp-json\/wp\/v2\/media?parent=892"}],"curies":[{"name":"wp","href":"https:\/\/api.w.org\/{rel}","templated":true}]}}